{"id":721,"date":"2021-06-22T23:21:58","date_gmt":"2021-06-22T23:21:58","guid":{"rendered":"http:\/\/www.portinari-ba.com.br\/?page_id=721"},"modified":"2021-07-14T23:03:39","modified_gmt":"2021-07-14T23:03:39","slug":"quadras-2","status":"publish","type":"page","link":"http:\/\/www.portinari-ba.com.br\/?page_id=721","title":{"rendered":"Quadras"},"content":{"rendered":"<p>[vc_row][vc_column][vc_column_text]Nossa estrutura f\u00edsica disp\u00f5e de duas quadras poliesportivas, com 28 metros de extens\u00e3o e 14 metros de largura, com suporte de banheiros e bebedouros, e uma terceira, com espa\u00e7o apropriado para atividades recreativas. Nelas, al\u00e9m das aulas de Educa\u00e7\u00e3o F\u00edsica, tamb\u00e9m s\u00e3o desenvolvidas atividades culturais, art\u00edsticas e de socializa\u00e7\u00e3o.[\/vc_column_text][\/vc_column][\/vc_row]<\/p>\n","protected":false},"excerpt":{"rendered":"<p>[vc_row][vc_column][vc_column_text]Nossa estrutura f\u00edsica disp\u00f5e de duas quadras poliesportivas, com 28 metros de extens\u00e3o e 14 metros de largura, com suporte de banheiros e bebedouros, e uma terceira, com espa\u00e7o apropriado para atividades recreativas. Nelas, al\u00e9m das aulas de Educa\u00e7\u00e3o F\u00edsica, tamb\u00e9m s\u00e3o desenvolvidas atividades culturais, art\u00edsticas e de socializa\u00e7\u00e3o.[\/vc_column_text][\/vc_column][\/vc_row]<\/p>\n","protected":false},"author":1,"featured_media":0,"parent":658,"menu_order":0,"comment_status":"closed","ping_status":"closed","template":"","meta":{"footnotes":""},"class_list":["post-721","page","type-page","status-publish","hentry"],"yoast_head":"<!-- This site is optimized with the Yoast SEO plugin v25.6 - https:\/\/yoast.com\/wordpress\/plugins\/seo\/ -->\n<title>Quadras - Col\u00e9gio C\u00e2ndido Portinari<\/title>\n<meta name=\"robots\" content=\"index, follow, max-snippet:-1, max-image-preview:large, max-video-preview:-1\" \/>\n<link rel=\"canonical\" href=\"http:\/\/www.portinari-ba.com.br\/?page_id=721\" \/>\n<meta property=\"og:locale\" content=\"pt_BR\" \/>\n<meta property=\"og:type\" content=\"article\" \/>\n<meta property=\"og:title\" content=\"Quadras - Col\u00e9gio C\u00e2ndido Portinari\" \/>\n<meta property=\"og:description\" content=\"[vc_row][vc_column][vc_column_text]Nossa estrutura f\u00edsica disp\u00f5e de duas quadras poliesportivas, com 28 metros de extens\u00e3o e 14 metros de largura, com suporte de banheiros e bebedouros, e uma terceira, com espa\u00e7o apropriado para atividades recreativas. Nelas, al\u00e9m das aulas de Educa\u00e7\u00e3o F\u00edsica, tamb\u00e9m s\u00e3o desenvolvidas atividades culturais, art\u00edsticas e de socializa\u00e7\u00e3o.[\/vc_column_text][\/vc_column][\/vc_row]\" \/>\n<meta property=\"og:url\" content=\"http:\/\/www.portinari-ba.com.br\/?page_id=721\" \/>\n<meta property=\"og:site_name\" content=\"Col\u00e9gio C\u00e2ndido Portinari\" \/>\n<meta property=\"article:modified_time\" content=\"2021-07-14T23:03:39+00:00\" \/>\n<meta name=\"twitter:card\" content=\"summary_large_image\" \/>\n<script type=\"application\/ld+json\" class=\"yoast-schema-graph\">{\"@context\":\"https:\/\/schema.org\",\"@graph\":[{\"@type\":\"WebPage\",\"@id\":\"http:\/\/www.portinari-ba.com.br\/?page_id=721\",\"url\":\"http:\/\/www.portinari-ba.com.br\/?page_id=721\",\"name\":\"Quadras - Col\u00e9gio C\u00e2ndido Portinari\",\"isPartOf\":{\"@id\":\"http:\/\/www.portinari-ba.com.br\/#website\"},\"datePublished\":\"2021-06-22T23:21:58+00:00\",\"dateModified\":\"2021-07-14T23:03:39+00:00\",\"breadcrumb\":{\"@id\":\"http:\/\/www.portinari-ba.com.br\/?page_id=721#breadcrumb\"},\"inLanguage\":\"pt-BR\",\"potentialAction\":[{\"@type\":\"ReadAction\",\"target\":[\"http:\/\/www.portinari-ba.com.br\/?page_id=721\"]}]},{\"@type\":\"BreadcrumbList\",\"@id\":\"http:\/\/www.portinari-ba.com.br\/?page_id=721#breadcrumb\",\"itemListElement\":[{\"@type\":\"ListItem\",\"position\":1,\"name\":\"In\u00edcio\",\"item\":\"http:\/\/www.portinari-ba.com.br\/\"},{\"@type\":\"ListItem\",\"position\":2,\"name\":\"ESTRUTURA F\u00cdSICA\",\"item\":\"https:\/\/www.portinari-ba.com.br\/?page_id=658\"},{\"@type\":\"ListItem\",\"position\":3,\"name\":\"Quadras\"}]},{\"@type\":\"WebSite\",\"@id\":\"http:\/\/www.portinari-ba.com.br\/#website\",\"url\":\"http:\/\/www.portinari-ba.com.br\/\",\"name\":\"Col\u00e9gio C\u00e2ndido Portinari\",\"description\":\"\",\"potentialAction\":[{\"@type\":\"SearchAction\",\"target\":{\"@type\":\"EntryPoint\",\"urlTemplate\":\"http:\/\/www.portinari-ba.com.br\/?s={search_term_string}\"},\"query-input\":{\"@type\":\"PropertyValueSpecification\",\"valueRequired\":true,\"valueName\":\"search_term_string\"}}],\"inLanguage\":\"pt-BR\"}]}<\/script>\n<!-- \/ Yoast SEO plugin. -->","yoast_head_json":{"title":"Quadras - Col\u00e9gio C\u00e2ndido Portinari","robots":{"index":"index","follow":"follow","max-snippet":"max-snippet:-1","max-image-preview":"max-image-preview:large","max-video-preview":"max-video-preview:-1"},"canonical":"http:\/\/www.portinari-ba.com.br\/?page_id=721","og_locale":"pt_BR","og_type":"article","og_title":"Quadras - Col\u00e9gio C\u00e2ndido Portinari","og_description":"[vc_row][vc_column][vc_column_text]Nossa estrutura f\u00edsica disp\u00f5e de duas quadras poliesportivas, com 28 metros de extens\u00e3o e 14 metros de largura, com suporte de banheiros e bebedouros, e uma terceira, com espa\u00e7o apropriado para atividades recreativas. Nelas, al\u00e9m das aulas de Educa\u00e7\u00e3o F\u00edsica, tamb\u00e9m s\u00e3o desenvolvidas atividades culturais, art\u00edsticas e de socializa\u00e7\u00e3o.[\/vc_column_text][\/vc_column][\/vc_row]","og_url":"http:\/\/www.portinari-ba.com.br\/?page_id=721","og_site_name":"Col\u00e9gio C\u00e2ndido Portinari","article_modified_time":"2021-07-14T23:03:39+00:00","twitter_card":"summary_large_image","schema":{"@context":"https:\/\/schema.org","@graph":[{"@type":"WebPage","@id":"http:\/\/www.portinari-ba.com.br\/?page_id=721","url":"http:\/\/www.portinari-ba.com.br\/?page_id=721","name":"Quadras - Col\u00e9gio C\u00e2ndido Portinari","isPartOf":{"@id":"http:\/\/www.portinari-ba.com.br\/#website"},"datePublished":"2021-06-22T23:21:58+00:00","dateModified":"2021-07-14T23:03:39+00:00","breadcrumb":{"@id":"http:\/\/www.portinari-ba.com.br\/?page_id=721#breadcrumb"},"inLanguage":"pt-BR","potentialAction":[{"@type":"ReadAction","target":["http:\/\/www.portinari-ba.com.br\/?page_id=721"]}]},{"@type":"BreadcrumbList","@id":"http:\/\/www.portinari-ba.com.br\/?page_id=721#breadcrumb","itemListElement":[{"@type":"ListItem","position":1,"name":"In\u00edcio","item":"http:\/\/www.portinari-ba.com.br\/"},{"@type":"ListItem","position":2,"name":"ESTRUTURA F\u00cdSICA","item":"https:\/\/www.portinari-ba.com.br\/?page_id=658"},{"@type":"ListItem","position":3,"name":"Quadras"}]},{"@type":"WebSite","@id":"http:\/\/www.portinari-ba.com.br\/#website","url":"http:\/\/www.portinari-ba.com.br\/","name":"Col\u00e9gio C\u00e2ndido Portinari","description":"","potentialAction":[{"@type":"SearchAction","target":{"@type":"EntryPoint","urlTemplate":"http:\/\/www.portinari-ba.com.br\/?s={search_term_string}"},"query-input":{"@type":"PropertyValueSpecification","valueRequired":true,"valueName":"search_term_string"}}],"inLanguage":"pt-BR"}]}},"_links":{"self":[{"href":"http:\/\/www.portinari-ba.com.br\/index.php?rest_route=\/wp\/v2\/pages\/721","targetHints":{"allow":["GET"]}}],"collection":[{"href":"http:\/\/www.portinari-ba.com.br\/index.php?rest_route=\/wp\/v2\/pages"}],"about":[{"href":"http:\/\/www.portinari-ba.com.br\/index.php?rest_route=\/wp\/v2\/types\/page"}],"author":[{"embeddable":true,"href":"http:\/\/www.portinari-ba.com.br\/index.php?rest_route=\/wp\/v2\/users\/1"}],"replies":[{"embeddable":true,"href":"http:\/\/www.portinari-ba.com.br\/index.php?rest_route=%2Fwp%2Fv2%2Fcomments&post=721"}],"version-history":[{"count":2,"href":"http:\/\/www.portinari-ba.com.br\/index.php?rest_route=\/wp\/v2\/pages\/721\/revisions"}],"predecessor-version":[{"id":918,"href":"http:\/\/www.portinari-ba.com.br\/index.php?rest_route=\/wp\/v2\/pages\/721\/revisions\/918"}],"up":[{"embeddable":true,"href":"http:\/\/www.portinari-ba.com.br\/index.php?rest_route=\/wp\/v2\/pages\/658"}],"wp:attachment":[{"href":"http:\/\/www.portinari-ba.com.br\/index.php?rest_route=%2Fwp%2Fv2%2Fmedia&parent=721"}],"curies":[{"name":"wp","href":"https:\/\/api.w.org\/{rel}","templated":true}]}}