{"id":948,"date":"2021-08-13T17:10:21","date_gmt":"2021-08-13T17:10:21","guid":{"rendered":"http:\/\/www.portinari-ba.com.br\/?page_id=948"},"modified":"2023-11-14T14:21:14","modified_gmt":"2023-11-14T14:21:14","slug":"nossos-diferenciais","status":"publish","type":"page","link":"http:\/\/www.portinari-ba.com.br\/?page_id=948","title":{"rendered":"NOSSOS DIFERENCIAIS"},"content":{"rendered":"<p>[vc_row][vc_column][vc_column_text]<b>INTEGRAL<\/b><\/p>\n<p>O Ensino em Tempo Integral acontece na Educa\u00e7\u00e3o Infantil e Fundamental Anos Iniciais e as atividades s\u00e3o planejadas com foco no desenvolvimento de habilidades que contribuem para a forma\u00e7\u00e3o acad\u00eamica, f\u00edsica e socioemocional, al\u00e9m da constru\u00e7\u00e3o de rotina para nosso estudante.<\/p>\n<p>&nbsp;<\/p>\n<p><b>SERVI\u00c7O DE ORIENTA\u00c7\u00c3O EDUCACIONAL (SOE)<\/b><\/p>\n<p>O trabalho do SOE tem como norte o processo de desenvolvimento pessoal e social, respons\u00e1vel pelo crescimento integral do educando. Assim, o foco do seu trabalho \u00e9 na melhoria da rela\u00e7\u00e3o do estudante consigo mesmo, com o outro, com o grupo e com a comunidade. Toda essa a\u00e7\u00e3o tem como base os fundamentos e princ\u00edpios da educa\u00e7\u00e3o socioemocional.<\/p>\n<p>&nbsp;<\/p>\n<p>A intera\u00e7\u00e3o com os estudantes \u00e9 constante e ocorre por meio das sess\u00f5es de grupo semanais, acompanhamento individual, al\u00e9m do atendimento individualizado \u00e0s fam\u00edlias.<\/p>\n<p>&nbsp;<\/p>\n<p><b>O PROJETO BIL\u00cdNGUE<\/b><\/p>\n<div class=\"elementor-element elementor-element-65922eef elementor-widget elementor-widget-text-editor\" data-id=\"65922eef\" data-element_type=\"widget\" data-widget_type=\"text-editor.default\">\n<div class=\"elementor-widget-container\">\n<h4>Backpackers<\/h4>\n<\/div>\n<\/div>\n<div class=\"elementor-element elementor-element-33dac3c0 elementor-widget elementor-widget-heading\" data-id=\"33dac3c0\" data-element_type=\"widget\" data-widget_type=\"heading.default\">\n<div class=\"elementor-widget-container\">\n<h4 class=\"elementor-heading-title elementor-size-default\">1\u00b0 ao 5\u00b0 ano do Ensino Fundamental<\/h4>\n<\/div>\n<\/div>\n<div class=\"elementor-element elementor-element-255568fc elementor-widget elementor-widget-text-editor\" data-id=\"255568fc\" data-element_type=\"widget\" data-widget_type=\"text-editor.default\">\n<div class=\"elementor-widget-container\">\n<p>Aqui a aprendizagem da l\u00edngua inglesa acontece por meio de projetos, com muita m\u00e3o na massa, al\u00e9m de contar com o apoio do nosso mascote R.O.B.!<\/p>\n<p>Apoiamos o desenvolvimento de compet\u00eancias socioemocionais,\u00a0 atrav\u00e9s de personagens inclusivos, diversos e que conversam com o dia a dia dos alunos.<\/p>\n<\/div>\n<\/div>\n<p>A proposta \u00e9 permitir que os estudantes interajam entre si e com o idioma da forma mais natural e aut\u00eantica poss\u00edvel, com o objetivo de adquirir vocabul\u00e1rio pr\u00f3ximo \u00e0 realidade, construindo conhecimento lingu\u00edstico e acad\u00eamico de extrema import\u00e2ncia para seu desenvolvimento.<\/p>\n<div class=\"elementor-element elementor-element-4c2f968 elementor-widget elementor-widget-text-editor\" data-id=\"4c2f968\" data-element_type=\"widget\" data-widget_type=\"text-editor.default\">\n<div class=\"elementor-widget-container\">\n<p><strong>Futures<\/strong><\/p>\n<\/div>\n<\/div>\n<div class=\"elementor-element elementor-element-2d009dd elementor-widget elementor-widget-text-editor\" data-id=\"2d009dd\" data-element_type=\"widget\" data-widget_type=\"text-editor.default\">\n<div class=\"elementor-widget-container\">\n<p><strong>6\u00b0 ao 9\u00b0 ano do Ensino Fundamental<\/strong><\/p>\n<\/div>\n<\/div>\n<div class=\"elementor-element elementor-element-c2b91d4 elementor-widget elementor-widget-text-editor\" data-id=\"c2b91d4\" data-element_type=\"widget\" data-widget_type=\"text-editor.default\">\n<div class=\"elementor-widget-container\">\n<p>&nbsp;<\/p>\n<\/div>\n<\/div>\n<div class=\"elementor-element elementor-element-2988c98 elementor-widget elementor-widget-text-editor\" data-id=\"2988c98\" data-element_type=\"widget\" data-widget_type=\"text-editor.default\">\n<div class=\"elementor-widget-container\">\n<p>Mais que uma segunda l\u00edngua, nosso material ensina \u201caprender a aprender\u201d, com dicas e estrat\u00e9gias que v\u00e3o auxiliar o estudante durante toda a jornada de aprendizagem.<\/p>\n<p>Usamos temas contempor\u00e2neos da BNCC. Vamos al\u00e9m da sala de aula, conversando com a realidade dos alunos! Demais, n\u00e3o \u00e9?<\/p>\n<\/div>\n<\/div>\n<p>&nbsp;<\/p>\n<p><b>INICIATIVA MAKER<\/b><\/p>\n<p>Iniciativa Maker \u00e9 um projeto de tecnologia na educa\u00e7\u00e3o, que promove o fazer ci\u00eancia e o empreendedorismo, para uma aprendizagem significativa dos estudantes, por meio do &#8220;aprender fazendo&#8221; (hands-on), que concilia a experimenta\u00e7\u00e3o e a abstra\u00e7\u00e3o do conhecimento para transformar vidas.<\/p>\n<p>&nbsp;<\/p>\n<p>O projeto prop\u00f5e um ambiente de aprendizagem transdisciplinar, que integra metodologias ativas e abordagens pedag\u00f3gicas com o uso das tecnologias na rob\u00f3tica educacional, pensamento computacional, linguagens visuais, tecnologias de ensino e STEAM, para estimular o protagonismo dos estudantes no processo de aprendizagem.<\/p>\n<p>&nbsp;<\/p>\n<p><b>MATERIAL DID\u00c1TICO COM PLATAFORMA DIGITAL<\/b><\/p>\n<p>Inteiramente alinhados \u00e0 BNCC, os programas dos materiais did\u00e1ticos utilizados focam no desenvolvimento das habilidades previstas para cada ano escolar, por meio da abordagem de temas significativos, da proposi\u00e7\u00e3o de atividades reflexivas, do trabalho colaborativo em sala de aula e do desenvolvimento de compet\u00eancias socioemocionais.<\/p>\n<p>&nbsp;<\/p>\n<p>O programa utilizado disp\u00f5e dos conte\u00fados e as atividades para cada componente curricular, abrangendo dos anos iniciais do Ensino Fundamental ao Ensino M\u00e9dio, o que permite ao professor maior facilidade na gest\u00e3o de sala de aula.<\/p>\n<p>&nbsp;<\/p>\n<p>Com o intuito de tornar as aulas mais din\u00e2micas e aperfei\u00e7oar o processo de ensino-aprendizagem, ele disponibiliza em alguns segmentos videoaula para cada cap\u00edtulo dos livros principais, aulas digitais para alguns cap\u00edtulos, atividades com corre\u00e7\u00e3o digital e relat\u00f3rios de profici\u00eancia.<\/p>\n<p>&nbsp;<\/p>\n<p><b>PROJETOS PERMANENTES<\/b><\/p>\n<p>O trabalhar com projetos possibilita ao estudante o desempenho de seu papel de forma mais respons\u00e1vel. Os alunos compreendem que s\u00e3o sujeitos de sua aprendizagem e que, a cada aula, podem modificar seu modo de pensar, criando novas ideias e construindo novos saberes. Participam com maior entusiasmo nas atividades desenvolvidas e sabem que o processo avaliativo n\u00e3o se resume somente a resultados finais e sim ao desenvolvimento como um todo.<\/p>\n<p>&nbsp;<\/p>\n<p>Por acreditar nessa estrat\u00e9gia de ensino \u00e9 que organizamos a interface dos conte\u00fados diversificados de cada disciplina com a realidade para potencializar o ensino-aprendizagem.\u00a0 Alguns dos projetos que realizamos ao longo do ano letivo:<\/p>\n<p>&nbsp;<\/p>\n<p><b>PARTICIPA\u00c7\u00c3O EM OLIMP\u00cdADAS<\/b><\/p>\n<p>Dada a import\u00e2ncia de exercitar a curiosidade intelectual e recorrer a abordagem pr\u00f3pria das ci\u00eancias, incluindo a investiga\u00e7\u00e3o, a reflex\u00e3o, a an\u00e1lise cr\u00edtica, a imagina\u00e7\u00e3o e a criatividade, compet\u00eancias as quais devemos desenvolver no processo de ensino-aprendizagem, estimulamos a cultura da participa\u00e7\u00e3o dos(as) estudantes em olimp\u00edadas educacionais nas diversas \u00e1reas de conhecimento, entre elas:<\/p>\n<p>&nbsp;<\/p>\n<p>OBMEP \u2013 Olimp\u00edada Brasileira de Matem\u00e1tica<\/p>\n<p>CANGURU de Matem\u00e1tica Brasil<\/p>\n<p>ONC \u2013 Olimp\u00edada Nacional de Ci\u00eancias<\/p>\n<p>OBA \u2013 Olimp\u00edada Brasileira de Astronomia e Astron\u00e1utica<\/p>\n<p>OBF \u2013 Olimp\u00edada Brasileira de F\u00edsica<\/p>\n<p>ONHB \u2013 Olimp\u00edada Nacional em Hist\u00f3ria do Brasil<\/p>\n<p>OBB \u2013 Olimp\u00edada Brasileira de Biologia<\/p>\n<p>Programa Nacional Brasileiro de Qu\u00edmica<\/p>\n<p>&nbsp;<\/p>\n<p><b>ESPORTES:\u00a0<\/b><\/p>\n<p>Atende a todos os segmentos de educa\u00e7\u00e3o e apresenta a pr\u00e1tica esportiva no turno oposto aos das aulas regulares por meio de atividades que visam o desenvolvimento cognitivo, social, motor, consci\u00eancia corporal, bem-estar f\u00edsico, mental e social.\u00a0 Disponibilizamos futsal (escolinha e sele\u00e7\u00e3o), v\u00f4lei, handebol, capoeira. Al\u00e9m de atividades de forma\u00e7\u00e3o art\u00edstica e desenvolvimento cognitivo como dan\u00e7a e teatro.[\/vc_column_text][vc_btn title=&#8221;Quero mais informa\u00e7\u00f5es!&#8221; style=&#8221;custom&#8221; custom_background=&#8221;#0098da&#8221; custom_text=&#8221;#ffffff&#8221; size=&#8221;lg&#8221; link=&#8221;url:http%3A%2F%2Fwww.portinari-ba.com.br%2F%3Fpage_id%3D841&#8243;][\/vc_column][\/vc_row]<\/p>\n","protected":false},"excerpt":{"rendered":"<p>[vc_row][vc_column][vc_column_text]INTEGRAL O Ensino em Tempo Integral acontece na Educa\u00e7\u00e3o Infantil e Fundamental Anos Iniciais e as atividades s\u00e3o planejadas com foco no desenvolvimento de habilidades que contribuem para a forma\u00e7\u00e3o acad\u00eamica, f\u00edsica e socioemocional, al\u00e9m da constru\u00e7\u00e3o de rotina para nosso estudante. &nbsp; SERVI\u00c7O DE ORIENTA\u00c7\u00c3O EDUCACIONAL (SOE) O trabalho do SOE tem como norte [&hellip;]<\/p>\n","protected":false},"author":1,"featured_media":0,"parent":0,"menu_order":0,"comment_status":"closed","ping_status":"closed","template":"","meta":{"footnotes":""},"class_list":["post-948","page","type-page","status-publish","hentry"],"yoast_head":"<!-- This site is optimized with the Yoast SEO plugin v25.6 - https:\/\/yoast.com\/wordpress\/plugins\/seo\/ -->\n<title>NOSSOS DIFERENCIAIS - Col\u00e9gio C\u00e2ndido Portinari<\/title>\n<meta name=\"robots\" content=\"index, follow, max-snippet:-1, max-image-preview:large, max-video-preview:-1\" \/>\n<link rel=\"canonical\" href=\"http:\/\/www.portinari-ba.com.br\/?page_id=948\" \/>\n<meta property=\"og:locale\" content=\"pt_BR\" \/>\n<meta property=\"og:type\" content=\"article\" \/>\n<meta property=\"og:title\" content=\"NOSSOS DIFERENCIAIS - Col\u00e9gio C\u00e2ndido Portinari\" \/>\n<meta property=\"og:description\" content=\"[vc_row][vc_column][vc_column_text]INTEGRAL O Ensino em Tempo Integral acontece na Educa\u00e7\u00e3o Infantil e Fundamental Anos Iniciais e as atividades s\u00e3o planejadas com foco no desenvolvimento de habilidades que contribuem para a forma\u00e7\u00e3o acad\u00eamica, f\u00edsica e socioemocional, al\u00e9m da constru\u00e7\u00e3o de rotina para nosso estudante. &nbsp; SERVI\u00c7O DE ORIENTA\u00c7\u00c3O EDUCACIONAL (SOE) O trabalho do SOE tem como norte [&hellip;]\" \/>\n<meta property=\"og:url\" content=\"http:\/\/www.portinari-ba.com.br\/?page_id=948\" \/>\n<meta property=\"og:site_name\" content=\"Col\u00e9gio C\u00e2ndido Portinari\" \/>\n<meta property=\"article:modified_time\" content=\"2023-11-14T14:21:14+00:00\" \/>\n<meta name=\"twitter:card\" content=\"summary_large_image\" \/>\n<meta name=\"twitter:label1\" content=\"Est. tempo de leitura\" \/>\n\t<meta name=\"twitter:data1\" content=\"5 minutos\" \/>\n<script type=\"application\/ld+json\" class=\"yoast-schema-graph\">{\"@context\":\"https:\/\/schema.org\",\"@graph\":[{\"@type\":\"WebPage\",\"@id\":\"http:\/\/www.portinari-ba.com.br\/?page_id=948\",\"url\":\"http:\/\/www.portinari-ba.com.br\/?page_id=948\",\"name\":\"NOSSOS DIFERENCIAIS - Col\u00e9gio C\u00e2ndido Portinari\",\"isPartOf\":{\"@id\":\"http:\/\/www.portinari-ba.com.br\/#website\"},\"datePublished\":\"2021-08-13T17:10:21+00:00\",\"dateModified\":\"2023-11-14T14:21:14+00:00\",\"breadcrumb\":{\"@id\":\"http:\/\/www.portinari-ba.com.br\/?page_id=948#breadcrumb\"},\"inLanguage\":\"pt-BR\",\"potentialAction\":[{\"@type\":\"ReadAction\",\"target\":[\"http:\/\/www.portinari-ba.com.br\/?page_id=948\"]}]},{\"@type\":\"BreadcrumbList\",\"@id\":\"http:\/\/www.portinari-ba.com.br\/?page_id=948#breadcrumb\",\"itemListElement\":[{\"@type\":\"ListItem\",\"position\":1,\"name\":\"In\u00edcio\",\"item\":\"http:\/\/www.portinari-ba.com.br\/\"},{\"@type\":\"ListItem\",\"position\":2,\"name\":\"NOSSOS DIFERENCIAIS\"}]},{\"@type\":\"WebSite\",\"@id\":\"http:\/\/www.portinari-ba.com.br\/#website\",\"url\":\"http:\/\/www.portinari-ba.com.br\/\",\"name\":\"Col\u00e9gio C\u00e2ndido Portinari\",\"description\":\"\",\"potentialAction\":[{\"@type\":\"SearchAction\",\"target\":{\"@type\":\"EntryPoint\",\"urlTemplate\":\"http:\/\/www.portinari-ba.com.br\/?s={search_term_string}\"},\"query-input\":{\"@type\":\"PropertyValueSpecification\",\"valueRequired\":true,\"valueName\":\"search_term_string\"}}],\"inLanguage\":\"pt-BR\"}]}<\/script>\n<!-- \/ Yoast SEO plugin. -->","yoast_head_json":{"title":"NOSSOS DIFERENCIAIS - Col\u00e9gio C\u00e2ndido Portinari","robots":{"index":"index","follow":"follow","max-snippet":"max-snippet:-1","max-image-preview":"max-image-preview:large","max-video-preview":"max-video-preview:-1"},"canonical":"http:\/\/www.portinari-ba.com.br\/?page_id=948","og_locale":"pt_BR","og_type":"article","og_title":"NOSSOS DIFERENCIAIS - Col\u00e9gio C\u00e2ndido Portinari","og_description":"[vc_row][vc_column][vc_column_text]INTEGRAL O Ensino em Tempo Integral acontece na Educa\u00e7\u00e3o Infantil e Fundamental Anos Iniciais e as atividades s\u00e3o planejadas com foco no desenvolvimento de habilidades que contribuem para a forma\u00e7\u00e3o acad\u00eamica, f\u00edsica e socioemocional, al\u00e9m da constru\u00e7\u00e3o de rotina para nosso estudante. &nbsp; SERVI\u00c7O DE ORIENTA\u00c7\u00c3O EDUCACIONAL (SOE) O trabalho do SOE tem como norte [&hellip;]","og_url":"http:\/\/www.portinari-ba.com.br\/?page_id=948","og_site_name":"Col\u00e9gio C\u00e2ndido Portinari","article_modified_time":"2023-11-14T14:21:14+00:00","twitter_card":"summary_large_image","twitter_misc":{"Est. tempo de leitura":"5 minutos"},"schema":{"@context":"https:\/\/schema.org","@graph":[{"@type":"WebPage","@id":"http:\/\/www.portinari-ba.com.br\/?page_id=948","url":"http:\/\/www.portinari-ba.com.br\/?page_id=948","name":"NOSSOS DIFERENCIAIS - Col\u00e9gio C\u00e2ndido Portinari","isPartOf":{"@id":"http:\/\/www.portinari-ba.com.br\/#website"},"datePublished":"2021-08-13T17:10:21+00:00","dateModified":"2023-11-14T14:21:14+00:00","breadcrumb":{"@id":"http:\/\/www.portinari-ba.com.br\/?page_id=948#breadcrumb"},"inLanguage":"pt-BR","potentialAction":[{"@type":"ReadAction","target":["http:\/\/www.portinari-ba.com.br\/?page_id=948"]}]},{"@type":"BreadcrumbList","@id":"http:\/\/www.portinari-ba.com.br\/?page_id=948#breadcrumb","itemListElement":[{"@type":"ListItem","position":1,"name":"In\u00edcio","item":"http:\/\/www.portinari-ba.com.br\/"},{"@type":"ListItem","position":2,"name":"NOSSOS DIFERENCIAIS"}]},{"@type":"WebSite","@id":"http:\/\/www.portinari-ba.com.br\/#website","url":"http:\/\/www.portinari-ba.com.br\/","name":"Col\u00e9gio C\u00e2ndido Portinari","description":"","potentialAction":[{"@type":"SearchAction","target":{"@type":"EntryPoint","urlTemplate":"http:\/\/www.portinari-ba.com.br\/?s={search_term_string}"},"query-input":{"@type":"PropertyValueSpecification","valueRequired":true,"valueName":"search_term_string"}}],"inLanguage":"pt-BR"}]}},"_links":{"self":[{"href":"http:\/\/www.portinari-ba.com.br\/index.php?rest_route=\/wp\/v2\/pages\/948","targetHints":{"allow":["GET"]}}],"collection":[{"href":"http:\/\/www.portinari-ba.com.br\/index.php?rest_route=\/wp\/v2\/pages"}],"about":[{"href":"http:\/\/www.portinari-ba.com.br\/index.php?rest_route=\/wp\/v2\/types\/page"}],"author":[{"embeddable":true,"href":"http:\/\/www.portinari-ba.com.br\/index.php?rest_route=\/wp\/v2\/users\/1"}],"replies":[{"embeddable":true,"href":"http:\/\/www.portinari-ba.com.br\/index.php?rest_route=%2Fwp%2Fv2%2Fcomments&post=948"}],"version-history":[{"count":5,"href":"http:\/\/www.portinari-ba.com.br\/index.php?rest_route=\/wp\/v2\/pages\/948\/revisions"}],"predecessor-version":[{"id":1189,"href":"http:\/\/www.portinari-ba.com.br\/index.php?rest_route=\/wp\/v2\/pages\/948\/revisions\/1189"}],"wp:attachment":[{"href":"http:\/\/www.portinari-ba.com.br\/index.php?rest_route=%2Fwp%2Fv2%2Fmedia&parent=948"}],"curies":[{"name":"wp","href":"https:\/\/api.w.org\/{rel}","templated":true}]}}