{"id":964,"date":"2021-08-13T17:29:01","date_gmt":"2021-08-13T17:29:01","guid":{"rendered":"http:\/\/www.portinari-ba.com.br\/?page_id=964"},"modified":"2023-09-04T18:12:46","modified_gmt":"2023-09-04T18:12:46","slug":"convenios","status":"publish","type":"page","link":"http:\/\/www.portinari-ba.com.br\/?page_id=964","title":{"rendered":"CONV\u00caNIOS"},"content":{"rendered":"<p>[vc_row][vc_column width=&#8221;1\/3&#8243;][vc_single_image image=&#8221;968&#8243; img_size=&#8221;full&#8221; alignment=&#8221;center&#8221; onclick=&#8221;custom_link&#8221; link=&#8221;http:\/\/www.asfeb.org.br\/&#8221;][vc_column_text]<\/p>\n<p style=\"text-align: center;\"><strong style=\"text-align: center;\">ASFEB<\/strong><\/p>\n<p>[\/vc_column_text][\/vc_column][vc_column width=&#8221;1\/3&#8243;][vc_single_image image=&#8221;969&#8243; img_size=&#8221;full&#8221; alignment=&#8221;center&#8221; onclick=&#8221;custom_link&#8221; link=&#8221;http:\/\/www.abmnet.org.br\/&#8221;][vc_column_text]<\/p>\n<p style=\"text-align: center;\"><strong style=\"text-align: center;\">ABM Associa\u00e7\u00e3o Bahiana de M\u00e9dicos<\/strong><\/p>\n<p>[\/vc_column_text][\/vc_column][vc_column width=&#8221;1\/3&#8243;][vc_single_image image=&#8221;970&#8243; img_size=&#8221;full&#8221; alignment=&#8221;center&#8221; onclick=&#8221;custom_link&#8221; link=&#8221;http:\/\/www.adepbahia.com.br\/&#8221;][vc_column_text]<\/p>\n<p style=\"text-align: center;\"><strong style=\"text-align: center;\">ADEP\/BA: Associa\u00e7\u00e3o dos Defensores P\u00fablicos da Bahia<\/strong><\/p>\n<p>[\/vc_column_text][\/vc_column][\/vc_row][vc_row][vc_column width=&#8221;1\/3&#8243;][vc_single_image image=&#8221;975&#8243; img_size=&#8221;full&#8221; alignment=&#8221;center&#8221; onclick=&#8221;custom_link&#8221; link=&#8221;http:\/\/www.anabb.org.br\/&#8221;][vc_column_text]<\/p>\n<p style=\"text-align: center;\"><strong>ANABB: Associa\u00e7\u00e3o Nacional Banco do Brasil<\/strong><\/p>\n<p>[\/vc_column_text][\/vc_column][vc_column width=&#8221;1\/3&#8243;][vc_single_image image=&#8221;976&#8243; img_size=&#8221;full&#8221; alignment=&#8221;center&#8221; onclick=&#8221;custom_link&#8221; link=&#8221;http:\/\/www.anasps.org.br\/&#8221;][vc_column_text]<\/p>\n<p style=\"text-align: center;\"><strong>ANASPS: Associa\u00e7\u00e3o Nacional dos Servidores P\u00fablicos da Previd\u00eancia e Seguridade Social<\/strong><\/p>\n<p>[\/vc_column_text][\/vc_column][vc_column width=&#8221;1\/3&#8243;][vc_single_image image=&#8221;977&#8243; img_size=&#8221;full&#8221; alignment=&#8221;center&#8221; onclick=&#8221;custom_link&#8221; link=&#8221;http:\/\/www.aopmba.com.br\/&#8221;][vc_column_text]<\/p>\n<p style=\"text-align: center;\"><strong>AOPMBA: Associa\u00e7\u00e3o dos Oficiais da Pol\u00edcia Militar da Bahia<\/strong><\/p>\n<p>[\/vc_column_text][\/vc_column][\/vc_row][vc_row][vc_column width=&#8221;1\/3&#8243;][vc_single_image image=&#8221;979&#8243; img_size=&#8221;full&#8221; alignment=&#8221;center&#8221; onclick=&#8221;custom_link&#8221; link=&#8221;http:\/\/www.assefaz.org.br\/&#8221;][vc_column_text]<\/p>\n<p style=\"text-align: center;\"><strong>ASSEFAZ: Associa\u00e7\u00e3o dos Servidores da Secretaria da Fazenda<\/strong><\/p>\n<p>[\/vc_column_text][\/vc_column][vc_column width=&#8221;1\/3&#8243;][vc_single_image image=&#8221;980&#8243; img_size=&#8221;full&#8221; alignment=&#8221;center&#8221; onclick=&#8221;custom_link&#8221; link=&#8221;http:\/\/www.asserjuf.org.br\/&#8221;][vc_column_text]<\/p>\n<p style=\"text-align: center;\"><strong>ASSERJUF<\/strong><\/p>\n<p>[\/vc_column_text][\/vc_column][vc_column width=&#8221;1\/3&#8243;][vc_single_image image=&#8221;981&#8243; img_size=&#8221;full&#8221; alignment=&#8221;center&#8221; onclick=&#8221;custom_link&#8221; link=&#8221;http:\/\/aepsbsb.blogspot.com.br\/&#8221;][vc_column_text]<\/p>\n<p style=\"text-align: center;\"><strong>AEPS (Hospital Sarah)<\/strong><\/p>\n<p>[\/vc_column_text][\/vc_column][\/vc_row][vc_row][vc_column width=&#8221;1\/3&#8243;][vc_single_image image=&#8221;982&#8243; img_size=&#8221;full&#8221; alignment=&#8221;center&#8221; onclick=&#8221;custom_link&#8221; link=&#8221;http:\/\/www.assufba.org.br\/&#8221;][vc_column_text]<\/p>\n<p style=\"text-align: center;\"><strong>ASSUFBA: Sindicato dos Trabalhadores T\u00e9cnico-Administrativos da UFBA<\/strong><\/p>\n<p>[\/vc_column_text][\/vc_column][vc_column width=&#8221;1\/3&#8243;][vc_single_image image=&#8221;983&#8243; img_size=&#8221;full&#8221; alignment=&#8221;center&#8221; onclick=&#8221;custom_link&#8221; link=&#8221;http:\/\/www.astecom-ba.com.br\/&#8221;][vc_column_text]<\/p>\n<p style=\"text-align: center;\"><strong>ASTECOM: Associa\u00e7\u00e3o dos Servi\u00e7os do Tribunal de Contas dos Munic\u00edpios do Estado da Bahia<\/strong><\/p>\n<p>[\/vc_column_text][\/vc_column][vc_column width=&#8221;1\/3&#8243;][vc_single_image image=&#8221;985&#8243; img_size=&#8221;full&#8221; alignment=&#8221;center&#8221; onclick=&#8221;custom_link&#8221; link=&#8221;http:\/\/www.coelba.com.br\/&#8221;][vc_column_text]<\/p>\n<p style=\"text-align: center;\"><strong>COELBA<\/strong><\/p>\n<p>[\/vc_column_text][\/vc_column][\/vc_row][vc_row][vc_column width=&#8221;1\/3&#8243;][vc_single_image image=&#8221;986&#8243; img_size=&#8221;full&#8221; alignment=&#8221;center&#8221; onclick=&#8221;custom_link&#8221; link=&#8221;http:\/\/www.atue.org.br\/&#8221;][vc_column_text]<\/p>\n<p style=\"text-align: center;\"><strong>EMBASA (Atue)<\/strong><\/p>\n<p>[\/vc_column_text][\/vc_column][vc_column width=&#8221;1\/3&#8243;][vc_single_image image=&#8221;987&#8243; img_size=&#8221;full&#8221; alignment=&#8221;center&#8221; onclick=&#8221;custom_link&#8221; link=&#8221;http:\/\/www.defesa.gov.br\/&#8221;][vc_column_text]<\/p>\n<p style=\"text-align: center;\"><strong>For\u00e7as Armadas \u2013 Ex\u00e9rcito, Marinha e Aeron\u00e1utica<\/strong><\/p>\n<p>[\/vc_column_text][\/vc_column][vc_column width=&#8221;1\/3&#8243;][vc_single_image image=&#8221;989&#8243; img_size=&#8221;full&#8221; alignment=&#8221;center&#8221; onclick=&#8221;custom_link&#8221; link=&#8221;http:\/\/www.mp.ba.gov.br\/&#8221;][vc_column_text]<\/p>\n<p style=\"text-align: center;\"><strong>Minist\u00e9rio P\u00fablico<\/strong><\/p>\n<p>[\/vc_column_text][\/vc_column][\/vc_row][vc_row][vc_column width=&#8221;1\/3&#8243;][vc_single_image image=&#8221;990&#8243; img_size=&#8221;full&#8221; alignment=&#8221;center&#8221; onclick=&#8221;custom_link&#8221; link=&#8221;http:\/\/www.oab.org.br\/&#8221;][vc_column_text]<\/p>\n<p style=\"text-align: center;\"><strong>OAB<\/strong><\/p>\n<p>[\/vc_column_text][\/vc_column][vc_column width=&#8221;1\/3&#8243;][vc_single_image image=&#8221;991&#8243; img_size=&#8221;full&#8221; alignment=&#8221;center&#8221; onclick=&#8221;custom_link&#8221; link=&#8221;http:\/\/www.oxiteno.com.br\/&#8221;][vc_column_text]<\/p>\n<p style=\"text-align: center;\"><strong>Governo do Estado da Bahia (Funcion\u00e1rio P\u00fablico Estadual)<\/strong><\/p>\n<p>[\/vc_column_text][\/vc_column][vc_column width=&#8221;1\/3&#8243;][vc_single_image image=&#8221;992&#8243; img_size=&#8221;full&#8221; alignment=&#8221;center&#8221; onclick=&#8221;custom_link&#8221; link=&#8221;http:\/\/www.petrobras.com.br\/&#8221;][vc_column_text]<\/p>\n<p style=\"text-align: center;\"><strong>Minist\u00e9rio P\u00fablico<\/strong><\/p>\n<p>[\/vc_column_text][\/vc_column][\/vc_row][vc_row][vc_column width=&#8221;1\/3&#8243;][vc_single_image image=&#8221;993&#8243; img_size=&#8221;full&#8221; alignment=&#8221;center&#8221; onclick=&#8221;custom_link&#8221; link=&#8221;http:\/\/www.salvador.ba.gov.br\/&#8221;][vc_column_text]<\/p>\n<p style=\"text-align: center;\"><strong>OAB<\/strong><\/p>\n<p>[\/vc_column_text][\/vc_column][vc_column width=&#8221;1\/3&#8243;][vc_single_image image=&#8221;994&#8243; img_size=&#8221;full&#8221; alignment=&#8221;center&#8221; onclick=&#8221;custom_link&#8221; link=&#8221;http:\/\/www.sincorbahia.com.br\/&#8221;][vc_column_text]<\/p>\n<p style=\"text-align: center;\"><strong>SINCOR: Sindicato dos Corretores de Seguros da Bahia<\/strong><\/p>\n<p>[\/vc_column_text][\/vc_column][vc_column width=&#8221;1\/3&#8243;][vc_single_image image=&#8221;995&#8243; img_size=&#8221;full&#8221; alignment=&#8221;center&#8221; onclick=&#8221;custom_link&#8221; link=&#8221;http:\/\/www.bancariosbahia.org.br\/&#8221;][vc_column_text]<\/p>\n<p style=\"text-align: center;\"><strong>Sindicato dos Banc\u00e1rios<\/strong><\/p>\n<p>[\/vc_column_text][\/vc_column][\/vc_row][vc_row][vc_column width=&#8221;1\/3&#8243;][vc_single_image image=&#8221;996&#8243; img_size=&#8221;full&#8221; alignment=&#8221;center&#8221; onclick=&#8221;custom_link&#8221; link=&#8221;http:\/\/www.sindifisconacional.org.br\/&#8221;][vc_column_text]<\/p>\n<p style=\"text-align: center;\"><strong>SINDIFISCO: Sindicato dos Auditores Fiscais<\/strong><\/p>\n<p>[\/vc_column_text][\/vc_column][vc_column width=&#8221;1\/3&#8243;][vc_single_image image=&#8221;997&#8243; img_size=&#8221;full&#8221; alignment=&#8221;center&#8221; onclick=&#8221;custom_link&#8221; link=&#8221;http:\/\/www.sindimed-ba.org.br\/&#8221;][vc_column_text]<\/p>\n<p style=\"text-align: center;\"><strong>SINDIMED-BA: Sindicato dos M\u00e9dicos da Bahia<\/strong><\/p>\n<p>[\/vc_column_text][\/vc_column][vc_column width=&#8221;1\/3&#8243;][vc_single_image image=&#8221;998&#8243; img_size=&#8221;full&#8221; alignment=&#8221;center&#8221; onclick=&#8221;custom_link&#8221; link=&#8221;http:\/\/www.sindpeb.com.br\/&#8221;][vc_column_text]<\/p>\n<p style=\"text-align: center;\"><strong>SINDIPEB<\/strong><\/p>\n<p>[\/vc_column_text][\/vc_column][\/vc_row][vc_row][vc_column width=&#8221;1\/3&#8243;][vc_single_image image=&#8221;1096&#8243; img_size=&#8221;full&#8221; alignment=&#8221;center&#8221; onclick=&#8221;custom_link&#8221; link=&#8221;https:\/\/www.sindiproba.com.br\/&#8221;][vc_column_text]<\/p>\n<p style=\"text-align: center;\"><strong>SindiProba<\/strong><\/p>\n<p>[\/vc_column_text][\/vc_column][vc_column width=&#8221;1\/3&#8243;][\/vc_column][vc_column width=&#8221;1\/3&#8243;][\/vc_column][\/vc_row][vc_row][vc_column][vc_btn title=&#8221;Quero mais informa\u00e7\u00f5es!&#8221; style=&#8221;custom&#8221; custom_background=&#8221;#0098da&#8221; custom_text=&#8221;#ffffff&#8221; size=&#8221;lg&#8221; link=&#8221;url:http%3A%2F%2Fwww.portinari-ba.com.br%2F%3Fpage_id%3D841&#8243;][\/vc_column][\/vc_row]<\/p>\n","protected":false},"excerpt":{"rendered":"<p>[vc_row][vc_column width=&#8221;1\/3&#8243;][vc_single_image image=&#8221;968&#8243; img_size=&#8221;full&#8221; alignment=&#8221;center&#8221; onclick=&#8221;custom_link&#8221; link=&#8221;http:\/\/www.asfeb.org.br\/&#8221;][vc_column_text] ASFEB [\/vc_column_text][\/vc_column][vc_column width=&#8221;1\/3&#8243;][vc_single_image image=&#8221;969&#8243; img_size=&#8221;full&#8221; alignment=&#8221;center&#8221; onclick=&#8221;custom_link&#8221; link=&#8221;http:\/\/www.abmnet.org.br\/&#8221;][vc_column_text] ABM Associa\u00e7\u00e3o Bahiana de M\u00e9dicos [\/vc_column_text][\/vc_column][vc_column width=&#8221;1\/3&#8243;][vc_single_image image=&#8221;970&#8243; img_size=&#8221;full&#8221; alignment=&#8221;center&#8221; onclick=&#8221;custom_link&#8221; link=&#8221;http:\/\/www.adepbahia.com.br\/&#8221;][vc_column_text] ADEP\/BA: Associa\u00e7\u00e3o dos Defensores P\u00fablicos da Bahia [\/vc_column_text][\/vc_column][\/vc_row][vc_row][vc_column width=&#8221;1\/3&#8243;][vc_single_image image=&#8221;975&#8243; img_size=&#8221;full&#8221; alignment=&#8221;center&#8221; onclick=&#8221;custom_link&#8221; link=&#8221;http:\/\/www.anabb.org.br\/&#8221;][vc_column_text] ANABB: Associa\u00e7\u00e3o Nacional Banco do Brasil [\/vc_column_text][\/vc_column][vc_column width=&#8221;1\/3&#8243;][vc_single_image image=&#8221;976&#8243; img_size=&#8221;full&#8221; alignment=&#8221;center&#8221; onclick=&#8221;custom_link&#8221; link=&#8221;http:\/\/www.anasps.org.br\/&#8221;][vc_column_text] ANASPS: [&hellip;]<\/p>\n","protected":false},"author":1,"featured_media":0,"parent":0,"menu_order":0,"comment_status":"closed","ping_status":"closed","template":"","meta":{"footnotes":""},"class_list":["post-964","page","type-page","status-publish","hentry"],"yoast_head":"<!-- This site is optimized with the Yoast SEO plugin v25.6 - https:\/\/yoast.com\/wordpress\/plugins\/seo\/ -->\n<title>CONV\u00caNIOS - Col\u00e9gio C\u00e2ndido Portinari<\/title>\n<meta name=\"robots\" content=\"index, follow, max-snippet:-1, max-image-preview:large, max-video-preview:-1\" \/>\n<link rel=\"canonical\" href=\"https:\/\/www.portinari-ba.com.br\/?page_id=964\" \/>\n<meta property=\"og:locale\" content=\"pt_BR\" \/>\n<meta property=\"og:type\" content=\"article\" \/>\n<meta property=\"og:title\" content=\"CONV\u00caNIOS - Col\u00e9gio C\u00e2ndido Portinari\" \/>\n<meta property=\"og:description\" content=\"[vc_row][vc_column width=&#8221;1\/3&#8243;][vc_single_image image=&#8221;968&#8243; img_size=&#8221;full&#8221; alignment=&#8221;center&#8221; onclick=&#8221;custom_link&#8221; link=&#8221;http:\/\/www.asfeb.org.br\/&#8221;][vc_column_text] ASFEB [\/vc_column_text][\/vc_column][vc_column width=&#8221;1\/3&#8243;][vc_single_image image=&#8221;969&#8243; img_size=&#8221;full&#8221; alignment=&#8221;center&#8221; onclick=&#8221;custom_link&#8221; link=&#8221;http:\/\/www.abmnet.org.br\/&#8221;][vc_column_text] ABM Associa\u00e7\u00e3o Bahiana de M\u00e9dicos [\/vc_column_text][\/vc_column][vc_column width=&#8221;1\/3&#8243;][vc_single_image image=&#8221;970&#8243; img_size=&#8221;full&#8221; alignment=&#8221;center&#8221; onclick=&#8221;custom_link&#8221; link=&#8221;http:\/\/www.adepbahia.com.br\/&#8221;][vc_column_text] ADEP\/BA: Associa\u00e7\u00e3o dos Defensores P\u00fablicos da Bahia [\/vc_column_text][\/vc_column][\/vc_row][vc_row][vc_column width=&#8221;1\/3&#8243;][vc_single_image image=&#8221;975&#8243; img_size=&#8221;full&#8221; alignment=&#8221;center&#8221; onclick=&#8221;custom_link&#8221; link=&#8221;http:\/\/www.anabb.org.br\/&#8221;][vc_column_text] ANABB: Associa\u00e7\u00e3o Nacional Banco do Brasil [\/vc_column_text][\/vc_column][vc_column width=&#8221;1\/3&#8243;][vc_single_image image=&#8221;976&#8243; img_size=&#8221;full&#8221; alignment=&#8221;center&#8221; onclick=&#8221;custom_link&#8221; link=&#8221;http:\/\/www.anasps.org.br\/&#8221;][vc_column_text] ANASPS: [&hellip;]\" \/>\n<meta property=\"og:url\" content=\"https:\/\/www.portinari-ba.com.br\/?page_id=964\" \/>\n<meta property=\"og:site_name\" content=\"Col\u00e9gio C\u00e2ndido Portinari\" \/>\n<meta property=\"article:modified_time\" content=\"2023-09-04T18:12:46+00:00\" \/>\n<meta name=\"twitter:card\" content=\"summary_large_image\" \/>\n<meta name=\"twitter:label1\" content=\"Est. tempo de leitura\" \/>\n\t<meta name=\"twitter:data1\" content=\"2 minutos\" \/>\n<script type=\"application\/ld+json\" class=\"yoast-schema-graph\">{\"@context\":\"https:\/\/schema.org\",\"@graph\":[{\"@type\":\"WebPage\",\"@id\":\"https:\/\/www.portinari-ba.com.br\/?page_id=964\",\"url\":\"https:\/\/www.portinari-ba.com.br\/?page_id=964\",\"name\":\"CONV\u00caNIOS - Col\u00e9gio C\u00e2ndido Portinari\",\"isPartOf\":{\"@id\":\"https:\/\/www.portinari-ba.com.br\/#website\"},\"datePublished\":\"2021-08-13T17:29:01+00:00\",\"dateModified\":\"2023-09-04T18:12:46+00:00\",\"breadcrumb\":{\"@id\":\"https:\/\/www.portinari-ba.com.br\/?page_id=964#breadcrumb\"},\"inLanguage\":\"pt-BR\",\"potentialAction\":[{\"@type\":\"ReadAction\",\"target\":[\"https:\/\/www.portinari-ba.com.br\/?page_id=964\"]}]},{\"@type\":\"BreadcrumbList\",\"@id\":\"https:\/\/www.portinari-ba.com.br\/?page_id=964#breadcrumb\",\"itemListElement\":[{\"@type\":\"ListItem\",\"position\":1,\"name\":\"In\u00edcio\",\"item\":\"https:\/\/www.portinari-ba.com.br\/\"},{\"@type\":\"ListItem\",\"position\":2,\"name\":\"CONV\u00caNIOS\"}]},{\"@type\":\"WebSite\",\"@id\":\"https:\/\/www.portinari-ba.com.br\/#website\",\"url\":\"https:\/\/www.portinari-ba.com.br\/\",\"name\":\"Col\u00e9gio C\u00e2ndido Portinari\",\"description\":\"\",\"potentialAction\":[{\"@type\":\"SearchAction\",\"target\":{\"@type\":\"EntryPoint\",\"urlTemplate\":\"https:\/\/www.portinari-ba.com.br\/?s={search_term_string}\"},\"query-input\":{\"@type\":\"PropertyValueSpecification\",\"valueRequired\":true,\"valueName\":\"search_term_string\"}}],\"inLanguage\":\"pt-BR\"}]}<\/script>\n<!-- \/ Yoast SEO plugin. -->","yoast_head_json":{"title":"CONV\u00caNIOS - Col\u00e9gio C\u00e2ndido Portinari","robots":{"index":"index","follow":"follow","max-snippet":"max-snippet:-1","max-image-preview":"max-image-preview:large","max-video-preview":"max-video-preview:-1"},"canonical":"https:\/\/www.portinari-ba.com.br\/?page_id=964","og_locale":"pt_BR","og_type":"article","og_title":"CONV\u00caNIOS - Col\u00e9gio C\u00e2ndido Portinari","og_description":"[vc_row][vc_column width=&#8221;1\/3&#8243;][vc_single_image image=&#8221;968&#8243; img_size=&#8221;full&#8221; alignment=&#8221;center&#8221; onclick=&#8221;custom_link&#8221; link=&#8221;http:\/\/www.asfeb.org.br\/&#8221;][vc_column_text] ASFEB [\/vc_column_text][\/vc_column][vc_column width=&#8221;1\/3&#8243;][vc_single_image image=&#8221;969&#8243; img_size=&#8221;full&#8221; alignment=&#8221;center&#8221; onclick=&#8221;custom_link&#8221; link=&#8221;http:\/\/www.abmnet.org.br\/&#8221;][vc_column_text] ABM Associa\u00e7\u00e3o Bahiana de M\u00e9dicos [\/vc_column_text][\/vc_column][vc_column width=&#8221;1\/3&#8243;][vc_single_image image=&#8221;970&#8243; img_size=&#8221;full&#8221; alignment=&#8221;center&#8221; onclick=&#8221;custom_link&#8221; link=&#8221;http:\/\/www.adepbahia.com.br\/&#8221;][vc_column_text] ADEP\/BA: Associa\u00e7\u00e3o dos Defensores P\u00fablicos da Bahia [\/vc_column_text][\/vc_column][\/vc_row][vc_row][vc_column width=&#8221;1\/3&#8243;][vc_single_image image=&#8221;975&#8243; img_size=&#8221;full&#8221; alignment=&#8221;center&#8221; onclick=&#8221;custom_link&#8221; link=&#8221;http:\/\/www.anabb.org.br\/&#8221;][vc_column_text] ANABB: Associa\u00e7\u00e3o Nacional Banco do Brasil [\/vc_column_text][\/vc_column][vc_column width=&#8221;1\/3&#8243;][vc_single_image image=&#8221;976&#8243; img_size=&#8221;full&#8221; alignment=&#8221;center&#8221; onclick=&#8221;custom_link&#8221; link=&#8221;http:\/\/www.anasps.org.br\/&#8221;][vc_column_text] ANASPS: [&hellip;]","og_url":"https:\/\/www.portinari-ba.com.br\/?page_id=964","og_site_name":"Col\u00e9gio C\u00e2ndido Portinari","article_modified_time":"2023-09-04T18:12:46+00:00","twitter_card":"summary_large_image","twitter_misc":{"Est. tempo de leitura":"2 minutos"},"schema":{"@context":"https:\/\/schema.org","@graph":[{"@type":"WebPage","@id":"https:\/\/www.portinari-ba.com.br\/?page_id=964","url":"https:\/\/www.portinari-ba.com.br\/?page_id=964","name":"CONV\u00caNIOS - Col\u00e9gio C\u00e2ndido Portinari","isPartOf":{"@id":"https:\/\/www.portinari-ba.com.br\/#website"},"datePublished":"2021-08-13T17:29:01+00:00","dateModified":"2023-09-04T18:12:46+00:00","breadcrumb":{"@id":"https:\/\/www.portinari-ba.com.br\/?page_id=964#breadcrumb"},"inLanguage":"pt-BR","potentialAction":[{"@type":"ReadAction","target":["https:\/\/www.portinari-ba.com.br\/?page_id=964"]}]},{"@type":"BreadcrumbList","@id":"https:\/\/www.portinari-ba.com.br\/?page_id=964#breadcrumb","itemListElement":[{"@type":"ListItem","position":1,"name":"In\u00edcio","item":"https:\/\/www.portinari-ba.com.br\/"},{"@type":"ListItem","position":2,"name":"CONV\u00caNIOS"}]},{"@type":"WebSite","@id":"https:\/\/www.portinari-ba.com.br\/#website","url":"https:\/\/www.portinari-ba.com.br\/","name":"Col\u00e9gio C\u00e2ndido Portinari","description":"","potentialAction":[{"@type":"SearchAction","target":{"@type":"EntryPoint","urlTemplate":"https:\/\/www.portinari-ba.com.br\/?s={search_term_string}"},"query-input":{"@type":"PropertyValueSpecification","valueRequired":true,"valueName":"search_term_string"}}],"inLanguage":"pt-BR"}]}},"_links":{"self":[{"href":"http:\/\/www.portinari-ba.com.br\/index.php?rest_route=\/wp\/v2\/pages\/964","targetHints":{"allow":["GET"]}}],"collection":[{"href":"http:\/\/www.portinari-ba.com.br\/index.php?rest_route=\/wp\/v2\/pages"}],"about":[{"href":"http:\/\/www.portinari-ba.com.br\/index.php?rest_route=\/wp\/v2\/types\/page"}],"author":[{"embeddable":true,"href":"http:\/\/www.portinari-ba.com.br\/index.php?rest_route=\/wp\/v2\/users\/1"}],"replies":[{"embeddable":true,"href":"http:\/\/www.portinari-ba.com.br\/index.php?rest_route=%2Fwp%2Fv2%2Fcomments&post=964"}],"version-history":[{"count":14,"href":"http:\/\/www.portinari-ba.com.br\/index.php?rest_route=\/wp\/v2\/pages\/964\/revisions"}],"predecessor-version":[{"id":1140,"href":"http:\/\/www.portinari-ba.com.br\/index.php?rest_route=\/wp\/v2\/pages\/964\/revisions\/1140"}],"wp:attachment":[{"href":"http:\/\/www.portinari-ba.com.br\/index.php?rest_route=%2Fwp%2Fv2%2Fmedia&parent=964"}],"curies":[{"name":"wp","href":"https:\/\/api.w.org\/{rel}","templated":true}]}}