{"id":1004,"date":"2021-08-21T22:43:29","date_gmt":"2021-08-21T22:43:29","guid":{"rendered":"http:\/\/www.portinari-ba.com.br\/?page_id=1004"},"modified":"2023-11-14T17:36:32","modified_gmt":"2023-11-14T17:36:32","slug":"ensino-integral","status":"publish","type":"page","link":"https:\/\/www.portinari-ba.com.br\/?page_id=1004","title":{"rendered":"ENSINO INTEGRAL"},"content":{"rendered":"<p>[vc_row][vc_column][vc_column_text]O Ensino em Tempo Integral acontece na Educa\u00e7\u00e3o Infantil e\u00a0 Fundamental Anos Iniciais e as atividades s\u00e3o planejadas com foco no desenvolvimento de habilidades que contribuem para a forma\u00e7\u00e3o acad\u00eamica, f\u00edsica e s\u00f3cio emocional, al\u00e9m da constru\u00e7\u00e3o de rotina para nosso estudante.<\/p>\n<p>&nbsp;<\/p>\n<p>Ser\u00e1 uma extens\u00e3o do aprendizado curricular. Ofertamos uma diversidade de atividades, inclusive com o acompanhamento adequado para a realiza\u00e7\u00e3o das tarefas di\u00e1rias.<\/p>\n<p>&nbsp;<\/p>\n<p>Totalmente pensado e planejado para incentivar o desenvolvimento global da crian\u00e7a, com atua\u00e7\u00e3o de diversos profissionais, al\u00e9m de desenvolver rela\u00e7\u00f5es sociais com seus colegas, estreitando conhecimentos e la\u00e7os de amizade.<\/p>\n<p>&nbsp;<\/p>\n<p>Nossa infraestrutura conta com ambientes adequados \u00e0s necessidades das atividades que desenvolvemos e ao bem-estar de nossos estudantes.<\/p>\n<p>&nbsp;<\/p>\n<p>Venha ser Portinari!<\/p>\n<p>Lugar de gente feliz![\/vc_column_text][vc_btn title=&#8221;Quero mais informa\u00e7\u00f5es!&#8221; style=&#8221;custom&#8221; custom_background=&#8221;#0098da&#8221; custom_text=&#8221;#ffffff&#8221; size=&#8221;lg&#8221; link=&#8221;url:http%3A%2F%2Fwww.portinari-ba.com.br%2F%3Fpage_id%3D841&#8243;][\/vc_column][\/vc_row]<\/p>\n","protected":false},"excerpt":{"rendered":"<p>[vc_row][vc_column][vc_column_text]O Ensino em Tempo Integral acontece na Educa\u00e7\u00e3o Infantil e\u00a0 Fundamental Anos Iniciais e as atividades s\u00e3o planejadas com foco no desenvolvimento de habilidades que contribuem para a forma\u00e7\u00e3o acad\u00eamica, f\u00edsica e s\u00f3cio emocional, al\u00e9m da constru\u00e7\u00e3o de rotina para nosso estudante. &nbsp; Ser\u00e1 uma extens\u00e3o do aprendizado curricular. Ofertamos uma diversidade de atividades, inclusive [&hellip;]<\/p>\n","protected":false},"author":1,"featured_media":0,"parent":0,"menu_order":0,"comment_status":"closed","ping_status":"closed","template":"","meta":{"footnotes":""},"class_list":["post-1004","page","type-page","status-publish","hentry"],"yoast_head":"<!-- This site is optimized with the Yoast SEO plugin v25.6 - https:\/\/yoast.com\/wordpress\/plugins\/seo\/ -->\n<title>ENSINO INTEGRAL - Col\u00e9gio C\u00e2ndido Portinari<\/title>\n<meta name=\"robots\" content=\"index, follow, max-snippet:-1, max-image-preview:large, max-video-preview:-1\" \/>\n<link rel=\"canonical\" href=\"http:\/\/www.portinari-ba.com.br\/?page_id=1004\" \/>\n<meta property=\"og:locale\" content=\"pt_BR\" \/>\n<meta property=\"og:type\" content=\"article\" \/>\n<meta property=\"og:title\" content=\"ENSINO INTEGRAL - Col\u00e9gio C\u00e2ndido Portinari\" \/>\n<meta property=\"og:description\" content=\"[vc_row][vc_column][vc_column_text]O Ensino em Tempo Integral acontece na Educa\u00e7\u00e3o Infantil e\u00a0 Fundamental Anos Iniciais e as atividades s\u00e3o planejadas com foco no desenvolvimento de habilidades que contribuem para a forma\u00e7\u00e3o acad\u00eamica, f\u00edsica e s\u00f3cio emocional, al\u00e9m da constru\u00e7\u00e3o de rotina para nosso estudante. &nbsp; Ser\u00e1 uma extens\u00e3o do aprendizado curricular. Ofertamos uma diversidade de atividades, inclusive [&hellip;]\" \/>\n<meta property=\"og:url\" content=\"http:\/\/www.portinari-ba.com.br\/?page_id=1004\" \/>\n<meta property=\"og:site_name\" content=\"Col\u00e9gio C\u00e2ndido Portinari\" \/>\n<meta property=\"article:modified_time\" content=\"2023-11-14T17:36:32+00:00\" \/>\n<meta name=\"twitter:card\" content=\"summary_large_image\" \/>\n<meta name=\"twitter:label1\" content=\"Est. tempo de leitura\" \/>\n\t<meta name=\"twitter:data1\" content=\"1 minuto\" \/>\n<script type=\"application\/ld+json\" class=\"yoast-schema-graph\">{\"@context\":\"https:\/\/schema.org\",\"@graph\":[{\"@type\":\"WebPage\",\"@id\":\"http:\/\/www.portinari-ba.com.br\/?page_id=1004\",\"url\":\"http:\/\/www.portinari-ba.com.br\/?page_id=1004\",\"name\":\"ENSINO INTEGRAL - Col\u00e9gio C\u00e2ndido Portinari\",\"isPartOf\":{\"@id\":\"http:\/\/www.portinari-ba.com.br\/#website\"},\"datePublished\":\"2021-08-21T22:43:29+00:00\",\"dateModified\":\"2023-11-14T17:36:32+00:00\",\"breadcrumb\":{\"@id\":\"http:\/\/www.portinari-ba.com.br\/?page_id=1004#breadcrumb\"},\"inLanguage\":\"pt-BR\",\"potentialAction\":[{\"@type\":\"ReadAction\",\"target\":[\"http:\/\/www.portinari-ba.com.br\/?page_id=1004\"]}]},{\"@type\":\"BreadcrumbList\",\"@id\":\"http:\/\/www.portinari-ba.com.br\/?page_id=1004#breadcrumb\",\"itemListElement\":[{\"@type\":\"ListItem\",\"position\":1,\"name\":\"In\u00edcio\",\"item\":\"http:\/\/www.portinari-ba.com.br\/\"},{\"@type\":\"ListItem\",\"position\":2,\"name\":\"ENSINO INTEGRAL\"}]},{\"@type\":\"WebSite\",\"@id\":\"http:\/\/www.portinari-ba.com.br\/#website\",\"url\":\"http:\/\/www.portinari-ba.com.br\/\",\"name\":\"Col\u00e9gio C\u00e2ndido Portinari\",\"description\":\"\",\"potentialAction\":[{\"@type\":\"SearchAction\",\"target\":{\"@type\":\"EntryPoint\",\"urlTemplate\":\"http:\/\/www.portinari-ba.com.br\/?s={search_term_string}\"},\"query-input\":{\"@type\":\"PropertyValueSpecification\",\"valueRequired\":true,\"valueName\":\"search_term_string\"}}],\"inLanguage\":\"pt-BR\"}]}<\/script>\n<!-- \/ Yoast SEO plugin. -->","yoast_head_json":{"title":"ENSINO INTEGRAL - Col\u00e9gio C\u00e2ndido Portinari","robots":{"index":"index","follow":"follow","max-snippet":"max-snippet:-1","max-image-preview":"max-image-preview:large","max-video-preview":"max-video-preview:-1"},"canonical":"http:\/\/www.portinari-ba.com.br\/?page_id=1004","og_locale":"pt_BR","og_type":"article","og_title":"ENSINO INTEGRAL - Col\u00e9gio C\u00e2ndido Portinari","og_description":"[vc_row][vc_column][vc_column_text]O Ensino em Tempo Integral acontece na Educa\u00e7\u00e3o Infantil e\u00a0 Fundamental Anos Iniciais e as atividades s\u00e3o planejadas com foco no desenvolvimento de habilidades que contribuem para a forma\u00e7\u00e3o acad\u00eamica, f\u00edsica e s\u00f3cio emocional, al\u00e9m da constru\u00e7\u00e3o de rotina para nosso estudante. &nbsp; Ser\u00e1 uma extens\u00e3o do aprendizado curricular. Ofertamos uma diversidade de atividades, inclusive [&hellip;]","og_url":"http:\/\/www.portinari-ba.com.br\/?page_id=1004","og_site_name":"Col\u00e9gio C\u00e2ndido Portinari","article_modified_time":"2023-11-14T17:36:32+00:00","twitter_card":"summary_large_image","twitter_misc":{"Est. tempo de leitura":"1 minuto"},"schema":{"@context":"https:\/\/schema.org","@graph":[{"@type":"WebPage","@id":"http:\/\/www.portinari-ba.com.br\/?page_id=1004","url":"http:\/\/www.portinari-ba.com.br\/?page_id=1004","name":"ENSINO INTEGRAL - Col\u00e9gio C\u00e2ndido Portinari","isPartOf":{"@id":"http:\/\/www.portinari-ba.com.br\/#website"},"datePublished":"2021-08-21T22:43:29+00:00","dateModified":"2023-11-14T17:36:32+00:00","breadcrumb":{"@id":"http:\/\/www.portinari-ba.com.br\/?page_id=1004#breadcrumb"},"inLanguage":"pt-BR","potentialAction":[{"@type":"ReadAction","target":["http:\/\/www.portinari-ba.com.br\/?page_id=1004"]}]},{"@type":"BreadcrumbList","@id":"http:\/\/www.portinari-ba.com.br\/?page_id=1004#breadcrumb","itemListElement":[{"@type":"ListItem","position":1,"name":"In\u00edcio","item":"http:\/\/www.portinari-ba.com.br\/"},{"@type":"ListItem","position":2,"name":"ENSINO INTEGRAL"}]},{"@type":"WebSite","@id":"http:\/\/www.portinari-ba.com.br\/#website","url":"http:\/\/www.portinari-ba.com.br\/","name":"Col\u00e9gio C\u00e2ndido Portinari","description":"","potentialAction":[{"@type":"SearchAction","target":{"@type":"EntryPoint","urlTemplate":"http:\/\/www.portinari-ba.com.br\/?s={search_term_string}"},"query-input":{"@type":"PropertyValueSpecification","valueRequired":true,"valueName":"search_term_string"}}],"inLanguage":"pt-BR"}]}},"_links":{"self":[{"href":"https:\/\/www.portinari-ba.com.br\/index.php?rest_route=\/wp\/v2\/pages\/1004","targetHints":{"allow":["GET"]}}],"collection":[{"href":"https:\/\/www.portinari-ba.com.br\/index.php?rest_route=\/wp\/v2\/pages"}],"about":[{"href":"https:\/\/www.portinari-ba.com.br\/index.php?rest_route=\/wp\/v2\/types\/page"}],"author":[{"embeddable":true,"href":"https:\/\/www.portinari-ba.com.br\/index.php?rest_route=\/wp\/v2\/users\/1"}],"replies":[{"embeddable":true,"href":"https:\/\/www.portinari-ba.com.br\/index.php?rest_route=%2Fwp%2Fv2%2Fcomments&post=1004"}],"version-history":[{"count":4,"href":"https:\/\/www.portinari-ba.com.br\/index.php?rest_route=\/wp\/v2\/pages\/1004\/revisions"}],"predecessor-version":[{"id":1191,"href":"https:\/\/www.portinari-ba.com.br\/index.php?rest_route=\/wp\/v2\/pages\/1004\/revisions\/1191"}],"wp:attachment":[{"href":"https:\/\/www.portinari-ba.com.br\/index.php?rest_route=%2Fwp%2Fv2%2Fmedia&parent=1004"}],"curies":[{"name":"wp","href":"https:\/\/api.w.org\/{rel}","templated":true}]}}