{"id":1210,"date":"2024-03-29T13:03:46","date_gmt":"2024-03-29T13:03:46","guid":{"rendered":"https:\/\/www.portinari-ba.com.br\/?page_id=1210"},"modified":"2024-03-29T13:07:56","modified_gmt":"2024-03-29T13:07:56","slug":"relatorio-igualdade-salarial","status":"publish","type":"page","link":"https:\/\/www.portinari-ba.com.br\/?page_id=1210","title":{"rendered":"RELAT\u00d3RIO DE IGUALDADE SALARIAL"},"content":{"rendered":"<p>[vc_row][vc_column][vc_column_text]<\/p>\n<p>&nbsp;<\/p>\n<p>Em conformidade com a Lei n\u00ba 14.611 de 04 de julho de 2023, a Portaria MTE N\u00ba 3.714 e o Decreto n\u00ba 11.795\/2023, bem como em conson\u00e2ncia com os compromissos desta Institui\u00e7\u00e3o e da rede \u00e0 qual est\u00e1 vinculada para promover pr\u00e1ticas de inclus\u00e3o e diversidade, apresentamos o <strong><a href=\"http:\/\/www.portinari-ba.com.br\/wp-content\/uploads\/2021\/04\/rel_IgualdadeSalarial_1S2024_Portinari_col39_1.pdf\">relat\u00f3rio de igualdade salarial<\/a><\/strong>.[\/vc_column_text][\/vc_column][\/vc_row]<\/p>\n","protected":false},"excerpt":{"rendered":"<p>[vc_row][vc_column][vc_column_text] &nbsp; Em conformidade com a Lei n\u00ba 14.611 de 04 de julho de 2023, a Portaria MTE N\u00ba 3.714 e o Decreto n\u00ba 11.795\/2023, bem como em conson\u00e2ncia com os compromissos desta Institui\u00e7\u00e3o e da rede \u00e0 qual est\u00e1 vinculada para promover pr\u00e1ticas de inclus\u00e3o e diversidade, apresentamos o relat\u00f3rio de igualdade salarial.[\/vc_column_text][\/vc_column][\/vc_row]<\/p>\n","protected":false},"author":4,"featured_media":0,"parent":760,"menu_order":0,"comment_status":"closed","ping_status":"closed","template":"","meta":{"footnotes":""},"class_list":["post-1210","page","type-page","status-publish","hentry"],"yoast_head":"<!-- This site is optimized with the Yoast SEO plugin v25.6 - https:\/\/yoast.com\/wordpress\/plugins\/seo\/ -->\n<title>RELAT\u00d3RIO DE IGUALDADE SALARIAL - Col\u00e9gio C\u00e2ndido Portinari<\/title>\n<meta name=\"robots\" content=\"index, follow, max-snippet:-1, max-image-preview:large, max-video-preview:-1\" \/>\n<link rel=\"canonical\" href=\"https:\/\/www.portinari-ba.com.br\/?page_id=1210\" \/>\n<meta property=\"og:locale\" content=\"pt_BR\" \/>\n<meta property=\"og:type\" content=\"article\" \/>\n<meta property=\"og:title\" content=\"RELAT\u00d3RIO DE IGUALDADE SALARIAL - Col\u00e9gio C\u00e2ndido Portinari\" \/>\n<meta property=\"og:description\" content=\"[vc_row][vc_column][vc_column_text] &nbsp; Em conformidade com a Lei n\u00ba 14.611 de 04 de julho de 2023, a Portaria MTE N\u00ba 3.714 e o Decreto n\u00ba 11.795\/2023, bem como em conson\u00e2ncia com os compromissos desta Institui\u00e7\u00e3o e da rede \u00e0 qual est\u00e1 vinculada para promover pr\u00e1ticas de inclus\u00e3o e diversidade, apresentamos o relat\u00f3rio de igualdade salarial.[\/vc_column_text][\/vc_column][\/vc_row]\" \/>\n<meta property=\"og:url\" content=\"https:\/\/www.portinari-ba.com.br\/?page_id=1210\" \/>\n<meta property=\"og:site_name\" content=\"Col\u00e9gio C\u00e2ndido Portinari\" \/>\n<meta property=\"article:modified_time\" content=\"2024-03-29T13:07:56+00:00\" \/>\n<meta name=\"twitter:card\" content=\"summary_large_image\" \/>\n<meta name=\"twitter:label1\" content=\"Est. tempo de leitura\" \/>\n\t<meta name=\"twitter:data1\" content=\"1 minuto\" \/>\n<script type=\"application\/ld+json\" class=\"yoast-schema-graph\">{\"@context\":\"https:\/\/schema.org\",\"@graph\":[{\"@type\":\"WebPage\",\"@id\":\"https:\/\/www.portinari-ba.com.br\/?page_id=1210\",\"url\":\"https:\/\/www.portinari-ba.com.br\/?page_id=1210\",\"name\":\"RELAT\u00d3RIO DE IGUALDADE SALARIAL - Col\u00e9gio C\u00e2ndido Portinari\",\"isPartOf\":{\"@id\":\"http:\/\/www.portinari-ba.com.br\/#website\"},\"datePublished\":\"2024-03-29T13:03:46+00:00\",\"dateModified\":\"2024-03-29T13:07:56+00:00\",\"breadcrumb\":{\"@id\":\"https:\/\/www.portinari-ba.com.br\/?page_id=1210#breadcrumb\"},\"inLanguage\":\"pt-BR\",\"potentialAction\":[{\"@type\":\"ReadAction\",\"target\":[\"https:\/\/www.portinari-ba.com.br\/?page_id=1210\"]}]},{\"@type\":\"BreadcrumbList\",\"@id\":\"https:\/\/www.portinari-ba.com.br\/?page_id=1210#breadcrumb\",\"itemListElement\":[{\"@type\":\"ListItem\",\"position\":1,\"name\":\"In\u00edcio\",\"item\":\"http:\/\/www.portinari-ba.com.br\/\"},{\"@type\":\"ListItem\",\"position\":2,\"name\":\"TRABALHE CONOSCO\",\"item\":\"https:\/\/www.portinari-ba.com.br\/?page_id=760\"},{\"@type\":\"ListItem\",\"position\":3,\"name\":\"RELAT\u00d3RIO DE IGUALDADE SALARIAL\"}]},{\"@type\":\"WebSite\",\"@id\":\"http:\/\/www.portinari-ba.com.br\/#website\",\"url\":\"http:\/\/www.portinari-ba.com.br\/\",\"name\":\"Col\u00e9gio C\u00e2ndido Portinari\",\"description\":\"\",\"potentialAction\":[{\"@type\":\"SearchAction\",\"target\":{\"@type\":\"EntryPoint\",\"urlTemplate\":\"http:\/\/www.portinari-ba.com.br\/?s={search_term_string}\"},\"query-input\":{\"@type\":\"PropertyValueSpecification\",\"valueRequired\":true,\"valueName\":\"search_term_string\"}}],\"inLanguage\":\"pt-BR\"}]}<\/script>\n<!-- \/ Yoast SEO plugin. -->","yoast_head_json":{"title":"RELAT\u00d3RIO DE IGUALDADE SALARIAL - Col\u00e9gio C\u00e2ndido Portinari","robots":{"index":"index","follow":"follow","max-snippet":"max-snippet:-1","max-image-preview":"max-image-preview:large","max-video-preview":"max-video-preview:-1"},"canonical":"https:\/\/www.portinari-ba.com.br\/?page_id=1210","og_locale":"pt_BR","og_type":"article","og_title":"RELAT\u00d3RIO DE IGUALDADE SALARIAL - Col\u00e9gio C\u00e2ndido Portinari","og_description":"[vc_row][vc_column][vc_column_text] &nbsp; Em conformidade com a Lei n\u00ba 14.611 de 04 de julho de 2023, a Portaria MTE N\u00ba 3.714 e o Decreto n\u00ba 11.795\/2023, bem como em conson\u00e2ncia com os compromissos desta Institui\u00e7\u00e3o e da rede \u00e0 qual est\u00e1 vinculada para promover pr\u00e1ticas de inclus\u00e3o e diversidade, apresentamos o relat\u00f3rio de igualdade salarial.[\/vc_column_text][\/vc_column][\/vc_row]","og_url":"https:\/\/www.portinari-ba.com.br\/?page_id=1210","og_site_name":"Col\u00e9gio C\u00e2ndido Portinari","article_modified_time":"2024-03-29T13:07:56+00:00","twitter_card":"summary_large_image","twitter_misc":{"Est. tempo de leitura":"1 minuto"},"schema":{"@context":"https:\/\/schema.org","@graph":[{"@type":"WebPage","@id":"https:\/\/www.portinari-ba.com.br\/?page_id=1210","url":"https:\/\/www.portinari-ba.com.br\/?page_id=1210","name":"RELAT\u00d3RIO DE IGUALDADE SALARIAL - Col\u00e9gio C\u00e2ndido Portinari","isPartOf":{"@id":"http:\/\/www.portinari-ba.com.br\/#website"},"datePublished":"2024-03-29T13:03:46+00:00","dateModified":"2024-03-29T13:07:56+00:00","breadcrumb":{"@id":"https:\/\/www.portinari-ba.com.br\/?page_id=1210#breadcrumb"},"inLanguage":"pt-BR","potentialAction":[{"@type":"ReadAction","target":["https:\/\/www.portinari-ba.com.br\/?page_id=1210"]}]},{"@type":"BreadcrumbList","@id":"https:\/\/www.portinari-ba.com.br\/?page_id=1210#breadcrumb","itemListElement":[{"@type":"ListItem","position":1,"name":"In\u00edcio","item":"http:\/\/www.portinari-ba.com.br\/"},{"@type":"ListItem","position":2,"name":"TRABALHE CONOSCO","item":"https:\/\/www.portinari-ba.com.br\/?page_id=760"},{"@type":"ListItem","position":3,"name":"RELAT\u00d3RIO DE IGUALDADE SALARIAL"}]},{"@type":"WebSite","@id":"http:\/\/www.portinari-ba.com.br\/#website","url":"http:\/\/www.portinari-ba.com.br\/","name":"Col\u00e9gio C\u00e2ndido Portinari","description":"","potentialAction":[{"@type":"SearchAction","target":{"@type":"EntryPoint","urlTemplate":"http:\/\/www.portinari-ba.com.br\/?s={search_term_string}"},"query-input":{"@type":"PropertyValueSpecification","valueRequired":true,"valueName":"search_term_string"}}],"inLanguage":"pt-BR"}]}},"_links":{"self":[{"href":"https:\/\/www.portinari-ba.com.br\/index.php?rest_route=\/wp\/v2\/pages\/1210","targetHints":{"allow":["GET"]}}],"collection":[{"href":"https:\/\/www.portinari-ba.com.br\/index.php?rest_route=\/wp\/v2\/pages"}],"about":[{"href":"https:\/\/www.portinari-ba.com.br\/index.php?rest_route=\/wp\/v2\/types\/page"}],"author":[{"embeddable":true,"href":"https:\/\/www.portinari-ba.com.br\/index.php?rest_route=\/wp\/v2\/users\/4"}],"replies":[{"embeddable":true,"href":"https:\/\/www.portinari-ba.com.br\/index.php?rest_route=%2Fwp%2Fv2%2Fcomments&post=1210"}],"version-history":[{"count":4,"href":"https:\/\/www.portinari-ba.com.br\/index.php?rest_route=\/wp\/v2\/pages\/1210\/revisions"}],"predecessor-version":[{"id":1217,"href":"https:\/\/www.portinari-ba.com.br\/index.php?rest_route=\/wp\/v2\/pages\/1210\/revisions\/1217"}],"up":[{"embeddable":true,"href":"https:\/\/www.portinari-ba.com.br\/index.php?rest_route=\/wp\/v2\/pages\/760"}],"wp:attachment":[{"href":"https:\/\/www.portinari-ba.com.br\/index.php?rest_route=%2Fwp%2Fv2%2Fmedia&parent=1210"}],"curies":[{"name":"wp","href":"https:\/\/api.w.org\/{rel}","templated":true}]}}