{"id":658,"date":"2021-06-22T22:19:20","date_gmt":"2021-06-22T22:19:20","guid":{"rendered":"http:\/\/www.portinari-ba.com.br\/?page_id=658"},"modified":"2021-09-21T19:38:07","modified_gmt":"2021-09-21T19:38:07","slug":"estrutura-fisica","status":"publish","type":"page","link":"https:\/\/www.portinari-ba.com.br\/?page_id=658","title":{"rendered":"ESTRUTURA F\u00cdSICA"},"content":{"rendered":"<p>[vc_row][vc_column][vc_column_text]Contamos com uma estrutura de ponta e ambientes estruturados para transformar a jornada escolar dos nossos alunos. Pensamos, sempre, em uma\u00a0 inova\u00e7\u00e3o que contribua diretamente no desenvolvimento dos jovens.[\/vc_column_text][\/vc_column][\/vc_row][vc_row][vc_column width=&#8221;1\/5&#8243;][vc_single_image image=&#8221;688&#8243; img_size=&#8221;full&#8221; onclick=&#8221;custom_link&#8221; link=&#8221;http:\/\/www.portinari-ba.com.br\/?page_id=707&#8243; css=&#8221;.vc_custom_1624403765281{border-bottom-width: 0px !important;padding-bottom: 0px !important;}&#8221;][vc_column_text css=&#8221;.vc_custom_1624402617262{margin-top: 0px !important;padding-top: 0px !important;}&#8221;]<\/p>\n<h3 style=\"text-align: center;\">\u00c1rea de Lazer<\/h3>\n<p>[\/vc_column_text][\/vc_column][vc_column width=&#8221;1\/5&#8243;][vc_single_image image=&#8221;1030&#8243; img_size=&#8221;full&#8221; onclick=&#8221;custom_link&#8221; link=&#8221;http:\/\/www.portinari-ba.com.br\/?page_id=711&#8243; css=&#8221;.vc_custom_1631112841066{border-bottom-width: 0px !important;padding-bottom: 0px !important;}&#8221;][vc_column_text css=&#8221;.vc_custom_1624402686544{margin-top: 0px !important;padding-top: 0px !important;}&#8221;]<\/p>\n<h3 style=\"text-align: center;\">Biblioteca<\/h3>\n<p>[\/vc_column_text][\/vc_column][vc_column width=&#8221;1\/5&#8243;][vc_single_image image=&#8221;1031&#8243; img_size=&#8221;full&#8221; onclick=&#8221;custom_link&#8221; link=&#8221;http:\/\/www.portinari-ba.com.br\/?page_id=713&#8243; css=&#8221;.vc_custom_1631112924471{border-bottom-width: 0px !important;padding-bottom: 0px !important;}&#8221;][vc_column_text css=&#8221;.vc_custom_1624402699567{margin-top: 0px !important;padding-top: 0px !important;}&#8221;]<\/p>\n<h3 style=\"text-align: center;\">Cantina<\/h3>\n<p>[\/vc_column_text][\/vc_column][vc_column width=&#8221;1\/5&#8243;][vc_single_image image=&#8221;696&#8243; img_size=&#8221;full&#8221; onclick=&#8221;custom_link&#8221; link=&#8221;http:\/\/www.portinari-ba.com.br\/?page_id=715&#8243; css=&#8221;.vc_custom_1624403964098{border-bottom-width: 0px !important;padding-bottom: 0px !important;}&#8221;][vc_column_text css=&#8221;.vc_custom_1631111499422{margin-top: 0px !important;padding-top: 0px !important;}&#8221;]<\/p>\n<h3 style=\"text-align: center;\">Sala de Acolhimento<\/h3>\n<p>[\/vc_column_text][\/vc_column][vc_column width=&#8221;1\/5&#8243;][vc_single_image image=&#8221;1032&#8243; img_size=&#8221;full&#8221; onclick=&#8221;custom_link&#8221; link=&#8221;http:\/\/www.portinari-ba.com.br\/?page_id=719&#8243; css=&#8221;.vc_custom_1631112957413{border-bottom-width: 0px !important;padding-bottom: 0px !important;}&#8221;][vc_column_text css=&#8221;.vc_custom_1624402741988{margin-top: 0px !important;padding-top: 0px !important;}&#8221;]<\/p>\n<h3 style=\"text-align: center;\">Laborat\u00f3rio de Ci\u00eancias<\/h3>\n<p>[\/vc_column_text][\/vc_column][\/vc_row][vc_row][vc_column width=&#8221;1\/5&#8243;][vc_single_image image=&#8221;1035&#8243; img_size=&#8221;full&#8221; onclick=&#8221;custom_link&#8221; link=&#8221;http:\/\/www.portinari-ba.com.br\/?page_id=875&#8243; css=&#8221;.vc_custom_1631113036629{border-bottom-width: 0px !important;padding-bottom: 0px !important;}&#8221;][vc_column_text css=&#8221;.vc_custom_1632246507234{margin-top: 0px !important;padding-top: 0px !important;}&#8221;]<\/p>\n<h3 style=\"text-align: center;\">Sala de aula Anos Iniciais<\/h3>\n<p>[\/vc_column_text][\/vc_column][vc_column width=&#8221;1\/5&#8243;][vc_single_image image=&#8221;1033&#8243; img_size=&#8221;full&#8221; onclick=&#8221;custom_link&#8221; link=&#8221;http:\/\/www.portinari-ba.com.br\/?page_id=721&#8243; css=&#8221;.vc_custom_1631112985051{border-bottom-width: 0px !important;padding-bottom: 0px !important;}&#8221;][vc_column_text css=&#8221;.vc_custom_1624402826905{margin-top: 0px !important;padding-top: 0px !important;}&#8221;]<\/p>\n<h3 style=\"text-align: center;\">Quadras<\/h3>\n<p>[\/vc_column_text][\/vc_column][vc_column width=&#8221;1\/5&#8243;][vc_single_image image=&#8221;1034&#8243; img_size=&#8221;full&#8221; onclick=&#8221;custom_link&#8221; link=&#8221;http:\/\/www.portinari-ba.com.br\/?page_id=724&#8243; css=&#8221;.vc_custom_1631113011136{border-bottom-width: 0px !important;padding-bottom: 0px !important;}&#8221;][vc_column_text css=&#8221;.vc_custom_1624402837499{margin-top: 0px !important;padding-top: 0px !important;}&#8221;]<\/p>\n<h3 style=\"text-align: center;\">Recep\u00e7\u00e3o<\/h3>\n<p>[\/vc_column_text][\/vc_column][vc_column width=&#8221;1\/5&#8243;][vc_single_image image=&#8221;1047&#8243; img_size=&#8221;full&#8221; onclick=&#8221;custom_link&#8221; link=&#8221;http:\/\/www.portinari-ba.com.br\/?page_id=727&#8243; css=&#8221;.vc_custom_1632248181269{border-bottom-width: 0px !important;padding-bottom: 0px !important;}&#8221;][vc_column_text css=&#8221;.vc_custom_1624402847646{margin-top: 0px !important;padding-top: 0px !important;}&#8221;]<\/p>\n<h3 style=\"text-align: center;\">Sala Maker<\/h3>\n<p>[\/vc_column_text][\/vc_column][vc_column width=&#8221;1\/5&#8243;][vc_single_image image=&#8221;702&#8243; img_size=&#8221;full&#8221; onclick=&#8221;custom_link&#8221; link=&#8221;http:\/\/www.portinari-ba.com.br\/?page_id=730&#8243; css=&#8221;.vc_custom_1624404324818{border-bottom-width: 0px !important;padding-bottom: 0px !important;}&#8221;][vc_column_text css=&#8221;.vc_custom_1624402866592{margin-top: 0px !important;padding-top: 0px !important;}&#8221;]<\/p>\n<h3 style=\"text-align: center;\">Sala de Arte<\/h3>\n<p>[\/vc_column_text][\/vc_column][\/vc_row][vc_row][vc_column width=&#8221;1\/5&#8243;][vc_single_image image=&#8221;704&#8243; img_size=&#8221;full&#8221; onclick=&#8221;custom_link&#8221; link=&#8221;http:\/\/www.portinari-ba.com.br\/?page_id=732&#8243; css=&#8221;.vc_custom_1624404390552{border-bottom-width: 0px !important;padding-bottom: 0px !important;}&#8221;][vc_column_text css=&#8221;.vc_custom_1624402877115{margin-top: 0px !important;padding-top: 0px !important;}&#8221;]<\/p>\n<h3 style=\"text-align: center;\">Salas de Aula<\/h3>\n<p>[\/vc_column_text][\/vc_column][vc_column width=&#8221;1\/5&#8243;][vc_single_image image=&#8221;705&#8243; img_size=&#8221;full&#8221; onclick=&#8221;custom_link&#8221; link=&#8221;http:\/\/www.portinari-ba.com.br\/?page_id=734&#8243; css=&#8221;.vc_custom_1624404453418{border-bottom-width: 0px !important;padding-bottom: 0px !important;}&#8221;][vc_column_text css=&#8221;.vc_custom_1624402887075{margin-top: 0px !important;padding-top: 0px !important;}&#8221;]<\/p>\n<h3 style=\"text-align: center;\">Teatro<\/h3>\n<p>[\/vc_column_text][\/vc_column][vc_column width=&#8221;1\/5&#8243;][vc_single_image image=&#8221;1051&#8243; img_size=&#8221;full&#8221; onclick=&#8221;custom_link&#8221; link=&#8221;#&#8221; css=&#8221;.vc_custom_1632253065652{border-bottom-width: 0px !important;padding-bottom: 0px !important;}&#8221;][vc_column_text css=&#8221;.vc_custom_1632252806139{margin-top: 0px !important;padding-top: 0px !important;}&#8221;]<\/p>\n<h3 style=\"text-align: center;\">Quadra e Parque Anos Inicias<\/h3>\n<p>[\/vc_column_text][\/vc_column][vc_column width=&#8221;1\/5&#8243;][vc_single_image image=&#8221;1050&#8243; img_size=&#8221;full&#8221; onclick=&#8221;custom_link&#8221; link=&#8221;#&#8221; css=&#8221;.vc_custom_1632253083229{border-bottom-width: 0px !important;padding-bottom: 0px !important;}&#8221;][vc_column_text css=&#8221;.vc_custom_1632252816175{margin-top: 0px !important;padding-top: 0px !important;}&#8221;]<\/p>\n<h3 style=\"text-align: center;\">\u00c1rea de Lazer Anos Inicias<\/h3>\n<p>[\/vc_column_text][\/vc_column][vc_column width=&#8221;1\/5&#8243;][\/vc_column][\/vc_row][vc_row][vc_column][vc_btn title=&#8221;Quero mais informa\u00e7\u00f5es!&#8221; style=&#8221;custom&#8221; custom_background=&#8221;#0098da&#8221; custom_text=&#8221;#ffffff&#8221; size=&#8221;lg&#8221; link=&#8221;url:http%3A%2F%2Fwww.portinari-ba.com.br%2F%3Fpage_id%3D841&#8243;][\/vc_column][\/vc_row]<\/p>\n","protected":false},"excerpt":{"rendered":"<p>[vc_row][vc_column][vc_column_text]Contamos com uma estrutura de ponta e ambientes estruturados para transformar a jornada escolar dos nossos alunos. Pensamos, sempre, em uma\u00a0 inova\u00e7\u00e3o que contribua diretamente no desenvolvimento dos jovens.[\/vc_column_text][\/vc_column][\/vc_row][vc_row][vc_column width=&#8221;1\/5&#8243;][vc_single_image image=&#8221;688&#8243; img_size=&#8221;full&#8221; onclick=&#8221;custom_link&#8221; link=&#8221;http:\/\/www.portinari-ba.com.br\/?page_id=707&#8243; css=&#8221;.vc_custom_1624403765281{border-bottom-width: 0px !important;padding-bottom: 0px !important;}&#8221;][vc_column_text css=&#8221;.vc_custom_1624402617262{margin-top: 0px !important;padding-top: 0px !important;}&#8221;] \u00c1rea de Lazer [\/vc_column_text][\/vc_column][vc_column width=&#8221;1\/5&#8243;][vc_single_image image=&#8221;1030&#8243; img_size=&#8221;full&#8221; onclick=&#8221;custom_link&#8221; link=&#8221;http:\/\/www.portinari-ba.com.br\/?page_id=711&#8243; css=&#8221;.vc_custom_1631112841066{border-bottom-width: 0px [&hellip;]<\/p>\n","protected":false},"author":1,"featured_media":0,"parent":0,"menu_order":0,"comment_status":"closed","ping_status":"closed","template":"","meta":{"footnotes":""},"class_list":["post-658","page","type-page","status-publish","hentry"],"yoast_head":"<!-- This site is optimized with the Yoast SEO plugin v25.6 - https:\/\/yoast.com\/wordpress\/plugins\/seo\/ -->\n<title>ESTRUTURA F\u00cdSICA - Col\u00e9gio C\u00e2ndido Portinari<\/title>\n<meta name=\"robots\" content=\"index, follow, max-snippet:-1, max-image-preview:large, max-video-preview:-1\" \/>\n<link rel=\"canonical\" href=\"https:\/\/www.portinari-ba.com.br\/?page_id=658\" \/>\n<meta property=\"og:locale\" content=\"pt_BR\" \/>\n<meta property=\"og:type\" content=\"article\" \/>\n<meta property=\"og:title\" content=\"ESTRUTURA F\u00cdSICA - Col\u00e9gio C\u00e2ndido Portinari\" \/>\n<meta property=\"og:description\" content=\"[vc_row][vc_column][vc_column_text]Contamos com uma estrutura de ponta e ambientes estruturados para transformar a jornada escolar dos nossos alunos. Pensamos, sempre, em uma\u00a0 inova\u00e7\u00e3o que contribua diretamente no desenvolvimento dos jovens.[\/vc_column_text][\/vc_column][\/vc_row][vc_row][vc_column width=&#8221;1\/5&#8243;][vc_single_image image=&#8221;688&#8243; img_size=&#8221;full&#8221; onclick=&#8221;custom_link&#8221; link=&#8221;http:\/\/www.portinari-ba.com.br\/?page_id=707&#8243; css=&#8221;.vc_custom_1624403765281{border-bottom-width: 0px !important;padding-bottom: 0px !important;}&#8221;][vc_column_text css=&#8221;.vc_custom_1624402617262{margin-top: 0px !important;padding-top: 0px !important;}&#8221;] \u00c1rea de Lazer [\/vc_column_text][\/vc_column][vc_column width=&#8221;1\/5&#8243;][vc_single_image image=&#8221;1030&#8243; img_size=&#8221;full&#8221; onclick=&#8221;custom_link&#8221; link=&#8221;http:\/\/www.portinari-ba.com.br\/?page_id=711&#8243; css=&#8221;.vc_custom_1631112841066{border-bottom-width: 0px [&hellip;]\" \/>\n<meta property=\"og:url\" content=\"https:\/\/www.portinari-ba.com.br\/?page_id=658\" \/>\n<meta property=\"og:site_name\" content=\"Col\u00e9gio C\u00e2ndido Portinari\" \/>\n<meta property=\"article:modified_time\" content=\"2021-09-21T19:38:07+00:00\" \/>\n<meta name=\"twitter:card\" content=\"summary_large_image\" \/>\n<meta name=\"twitter:label1\" content=\"Est. tempo de leitura\" \/>\n\t<meta name=\"twitter:data1\" content=\"4 minutos\" \/>\n<script type=\"application\/ld+json\" class=\"yoast-schema-graph\">{\"@context\":\"https:\/\/schema.org\",\"@graph\":[{\"@type\":\"WebPage\",\"@id\":\"https:\/\/www.portinari-ba.com.br\/?page_id=658\",\"url\":\"https:\/\/www.portinari-ba.com.br\/?page_id=658\",\"name\":\"ESTRUTURA F\u00cdSICA - Col\u00e9gio C\u00e2ndido Portinari\",\"isPartOf\":{\"@id\":\"http:\/\/www.portinari-ba.com.br\/#website\"},\"datePublished\":\"2021-06-22T22:19:20+00:00\",\"dateModified\":\"2021-09-21T19:38:07+00:00\",\"breadcrumb\":{\"@id\":\"https:\/\/www.portinari-ba.com.br\/?page_id=658#breadcrumb\"},\"inLanguage\":\"pt-BR\",\"potentialAction\":[{\"@type\":\"ReadAction\",\"target\":[\"https:\/\/www.portinari-ba.com.br\/?page_id=658\"]}]},{\"@type\":\"BreadcrumbList\",\"@id\":\"https:\/\/www.portinari-ba.com.br\/?page_id=658#breadcrumb\",\"itemListElement\":[{\"@type\":\"ListItem\",\"position\":1,\"name\":\"In\u00edcio\",\"item\":\"http:\/\/www.portinari-ba.com.br\/\"},{\"@type\":\"ListItem\",\"position\":2,\"name\":\"ESTRUTURA F\u00cdSICA\"}]},{\"@type\":\"WebSite\",\"@id\":\"http:\/\/www.portinari-ba.com.br\/#website\",\"url\":\"http:\/\/www.portinari-ba.com.br\/\",\"name\":\"Col\u00e9gio C\u00e2ndido Portinari\",\"description\":\"\",\"potentialAction\":[{\"@type\":\"SearchAction\",\"target\":{\"@type\":\"EntryPoint\",\"urlTemplate\":\"http:\/\/www.portinari-ba.com.br\/?s={search_term_string}\"},\"query-input\":{\"@type\":\"PropertyValueSpecification\",\"valueRequired\":true,\"valueName\":\"search_term_string\"}}],\"inLanguage\":\"pt-BR\"}]}<\/script>\n<!-- \/ Yoast SEO plugin. -->","yoast_head_json":{"title":"ESTRUTURA F\u00cdSICA - Col\u00e9gio C\u00e2ndido Portinari","robots":{"index":"index","follow":"follow","max-snippet":"max-snippet:-1","max-image-preview":"max-image-preview:large","max-video-preview":"max-video-preview:-1"},"canonical":"https:\/\/www.portinari-ba.com.br\/?page_id=658","og_locale":"pt_BR","og_type":"article","og_title":"ESTRUTURA F\u00cdSICA - Col\u00e9gio C\u00e2ndido Portinari","og_description":"[vc_row][vc_column][vc_column_text]Contamos com uma estrutura de ponta e ambientes estruturados para transformar a jornada escolar dos nossos alunos. Pensamos, sempre, em uma\u00a0 inova\u00e7\u00e3o que contribua diretamente no desenvolvimento dos jovens.[\/vc_column_text][\/vc_column][\/vc_row][vc_row][vc_column width=&#8221;1\/5&#8243;][vc_single_image image=&#8221;688&#8243; img_size=&#8221;full&#8221; onclick=&#8221;custom_link&#8221; link=&#8221;http:\/\/www.portinari-ba.com.br\/?page_id=707&#8243; css=&#8221;.vc_custom_1624403765281{border-bottom-width: 0px !important;padding-bottom: 0px !important;}&#8221;][vc_column_text css=&#8221;.vc_custom_1624402617262{margin-top: 0px !important;padding-top: 0px !important;}&#8221;] \u00c1rea de Lazer [\/vc_column_text][\/vc_column][vc_column width=&#8221;1\/5&#8243;][vc_single_image image=&#8221;1030&#8243; img_size=&#8221;full&#8221; onclick=&#8221;custom_link&#8221; link=&#8221;http:\/\/www.portinari-ba.com.br\/?page_id=711&#8243; css=&#8221;.vc_custom_1631112841066{border-bottom-width: 0px [&hellip;]","og_url":"https:\/\/www.portinari-ba.com.br\/?page_id=658","og_site_name":"Col\u00e9gio C\u00e2ndido Portinari","article_modified_time":"2021-09-21T19:38:07+00:00","twitter_card":"summary_large_image","twitter_misc":{"Est. tempo de leitura":"4 minutos"},"schema":{"@context":"https:\/\/schema.org","@graph":[{"@type":"WebPage","@id":"https:\/\/www.portinari-ba.com.br\/?page_id=658","url":"https:\/\/www.portinari-ba.com.br\/?page_id=658","name":"ESTRUTURA F\u00cdSICA - Col\u00e9gio C\u00e2ndido Portinari","isPartOf":{"@id":"http:\/\/www.portinari-ba.com.br\/#website"},"datePublished":"2021-06-22T22:19:20+00:00","dateModified":"2021-09-21T19:38:07+00:00","breadcrumb":{"@id":"https:\/\/www.portinari-ba.com.br\/?page_id=658#breadcrumb"},"inLanguage":"pt-BR","potentialAction":[{"@type":"ReadAction","target":["https:\/\/www.portinari-ba.com.br\/?page_id=658"]}]},{"@type":"BreadcrumbList","@id":"https:\/\/www.portinari-ba.com.br\/?page_id=658#breadcrumb","itemListElement":[{"@type":"ListItem","position":1,"name":"In\u00edcio","item":"http:\/\/www.portinari-ba.com.br\/"},{"@type":"ListItem","position":2,"name":"ESTRUTURA F\u00cdSICA"}]},{"@type":"WebSite","@id":"http:\/\/www.portinari-ba.com.br\/#website","url":"http:\/\/www.portinari-ba.com.br\/","name":"Col\u00e9gio C\u00e2ndido Portinari","description":"","potentialAction":[{"@type":"SearchAction","target":{"@type":"EntryPoint","urlTemplate":"http:\/\/www.portinari-ba.com.br\/?s={search_term_string}"},"query-input":{"@type":"PropertyValueSpecification","valueRequired":true,"valueName":"search_term_string"}}],"inLanguage":"pt-BR"}]}},"_links":{"self":[{"href":"https:\/\/www.portinari-ba.com.br\/index.php?rest_route=\/wp\/v2\/pages\/658","targetHints":{"allow":["GET"]}}],"collection":[{"href":"https:\/\/www.portinari-ba.com.br\/index.php?rest_route=\/wp\/v2\/pages"}],"about":[{"href":"https:\/\/www.portinari-ba.com.br\/index.php?rest_route=\/wp\/v2\/types\/page"}],"author":[{"embeddable":true,"href":"https:\/\/www.portinari-ba.com.br\/index.php?rest_route=\/wp\/v2\/users\/1"}],"replies":[{"embeddable":true,"href":"https:\/\/www.portinari-ba.com.br\/index.php?rest_route=%2Fwp%2Fv2%2Fcomments&post=658"}],"version-history":[{"count":24,"href":"https:\/\/www.portinari-ba.com.br\/index.php?rest_route=\/wp\/v2\/pages\/658\/revisions"}],"predecessor-version":[{"id":1052,"href":"https:\/\/www.portinari-ba.com.br\/index.php?rest_route=\/wp\/v2\/pages\/658\/revisions\/1052"}],"wp:attachment":[{"href":"https:\/\/www.portinari-ba.com.br\/index.php?rest_route=%2Fwp%2Fv2%2Fmedia&parent=658"}],"curies":[{"name":"wp","href":"https:\/\/api.w.org\/{rel}","templated":true}]}}