{"id":662,"date":"2021-06-22T22:26:11","date_gmt":"2021-06-22T22:26:11","guid":{"rendered":"http:\/\/www.portinari-ba.com.br\/?page_id=662"},"modified":"2023-12-05T12:54:02","modified_gmt":"2023-12-05T12:54:02","slug":"proposta-pedagogica","status":"publish","type":"page","link":"https:\/\/www.portinari-ba.com.br\/?page_id=662","title":{"rendered":"PROPOSTA PEDAG\u00d3GICA"},"content":{"rendered":"<p>[vc_row][vc_column][vc_column_text]A nossa escola acredita em um ensino que faz sentido, porque \u00e9 necess\u00e1ria uma concep\u00e7\u00e3o de aprendizagem na qual o conjunto das habilidades desenvolvidas, como comunica\u00e7\u00e3o, criatividade, resili\u00eancia e a capacidade de aprender continuamente, torna-se um diferencial. Ao concluir a\u00a0 educa\u00e7\u00e3o b\u00e1sica,o estudante dever\u00e1 estar preparado, ou no m\u00ednimo adaptado, para qualquer realidade.<\/p>\n<p>Nossos professores desenvolvem no estudante a capacidade de ser inventivo, aprender sempre novas estrat\u00e9gias, dominar ferramentas tecnol\u00f3gicas e desenvolver uma rela\u00e7\u00e3o de coopera\u00e7\u00e3o em que um auxilia o outro e assim, todos fortalecem o grupo.<\/p>\n<p>Ter conhecimento acad\u00eamico ser\u00e1 \u00e0 base de tudo, por\u00e9m, \u00e9 t\u00e3o importante quanto saber resolver problemas, ter iniciativa, desenvolver projetos de forma colaborativa e capacidade de comunica\u00e7\u00e3o para fazer acontecer.<\/p>\n<p>&nbsp;<\/p>\n<p>Nosso modelo pedag\u00f3gico \u00e9 humanista e sociointeracionista, assim, a constru\u00e7\u00e3o do conhecimento se realiza na media\u00e7\u00e3o dos professores para que os estudantes desenvolvam a curiosidade, enfrentem desafios, busquem solu\u00e7\u00f5es e compreendam os fundamentos da linguagem e das ci\u00eancias, interagindo com seus semelhantes e com o espa\u00e7o social.<\/p>\n<p>Entendemos que o conhecimento deve ser relevante, significativo e que possibilite a sua aplica\u00e7\u00e3o na vida dos estudantes. A nossa pr\u00e1tica busca uma metodologia contextualizada, com saberes que se articulam e possibilitam a compreens\u00e3o cr\u00edtica dos diferentes fen\u00f4menos naturais e sociais, al\u00e9m do desenvolvimento de compet\u00eancias para saber conviver e se relacionar com as exig\u00eancias da contemporaneidade.<\/p>\n<p>Metodologia: sociointeracionista com foco no desenvolvimento das linguagens; do racioc\u00ednio matem\u00e1tico, percep\u00e7\u00e3o de causa e efeito, pensamento cr\u00edtico, na argumenta\u00e7\u00e3o e na rela\u00e7\u00e3o do estudante consigo, com os outros, com o espa\u00e7o, com a vida e com a forma\u00e7\u00e3o de valores.<\/p>\n<p>&nbsp;<\/p>\n<p><b>E como funciona a nossa escola<\/b>:<\/p>\n<ol>\n<li aria-level=\"1\">Hor\u00e1rios: 7h \u00e0s 12h30.<\/li>\n<li aria-level=\"1\">Fardamento: camisas com 02 modelos e 05 cores cada \/ bermuda ou cal\u00e7a jeans azul ou preta \/ t\u00eanis ou sapato fechado de qualquer cor.<\/li>\n<li aria-level=\"1\">Carteirinha de Identifica\u00e7\u00e3o: a fam\u00edlia faz a op\u00e7\u00e3o de como devemos lidar com a sa\u00edda do estudante ap\u00f3s a \u00faltima aula \u2013 carteira verde pode sair desacompanhado \/ vermelha s\u00f3 acompanhado.<\/li>\n<li aria-level=\"1\">M\u00e9dia: 6,0<\/li>\n<li aria-level=\"1\">Unidades: s\u00e3o 03.<\/li>\n<li aria-level=\"1\">Recupera\u00e7\u00e3o: ap\u00f3s o encerramento de ano, com m\u00e9dia 6,0.<\/li>\n<li aria-level=\"1\">Avalia\u00e7\u00f5es: semanais com cronograma anual entregue no in\u00edcio da 1\u00aa unidade (acompanhamento dos professores no 6\u00ba ano na 1\u00aa unidade).<\/li>\n<li aria-level=\"1\">Processo de avalia\u00e7\u00e3o: dividido em \u2013 Aval. Parciais, Avalia\u00e7\u00e3o Final; Trabalhos e Projetos.<\/li>\n<li aria-level=\"1\">Material Did\u00e1tico: SAS Plataforma de Educa\u00e7\u00e3o, que consta de livros e ambiente digital com v\u00eddeo aulas, atividades online.<\/li>\n<\/ol>\n<p>[\/vc_column_text][vc_btn title=&#8221;Quer receber um contato da escola? Preencha esse r\u00e1pido formul\u00e1rio que entraremos em contato!&#8221; style=&#8221;custom&#8221; custom_background=&#8221;#0098da&#8221; custom_text=&#8221;#ffffff&#8221; size=&#8221;lg&#8221; align=&#8221;center&#8221; link=&#8221;url:http%3A%2F%2Fwww.portinari-ba.com.br%2F%3Fpage_id%3D843&#8243;][\/vc_column][\/vc_row]<\/p>\n","protected":false},"excerpt":{"rendered":"<p>[vc_row][vc_column][vc_column_text]A nossa escola acredita em um ensino que faz sentido, porque \u00e9 necess\u00e1ria uma concep\u00e7\u00e3o de aprendizagem na qual o conjunto das habilidades desenvolvidas, como comunica\u00e7\u00e3o, criatividade, resili\u00eancia e a capacidade de aprender continuamente, torna-se um diferencial. Ao concluir a\u00a0 educa\u00e7\u00e3o b\u00e1sica,o estudante dever\u00e1 estar preparado, ou no m\u00ednimo adaptado, para qualquer realidade. Nossos professores [&hellip;]<\/p>\n","protected":false},"author":1,"featured_media":0,"parent":0,"menu_order":0,"comment_status":"closed","ping_status":"closed","template":"","meta":{"footnotes":""},"class_list":["post-662","page","type-page","status-publish","hentry"],"yoast_head":"<!-- This site is optimized with the Yoast SEO plugin v25.6 - https:\/\/yoast.com\/wordpress\/plugins\/seo\/ -->\n<title>PROPOSTA PEDAG\u00d3GICA - Col\u00e9gio C\u00e2ndido Portinari<\/title>\n<meta name=\"robots\" content=\"index, follow, max-snippet:-1, max-image-preview:large, max-video-preview:-1\" \/>\n<link rel=\"canonical\" href=\"https:\/\/www.portinari-ba.com.br\/?page_id=662\" \/>\n<meta property=\"og:locale\" content=\"pt_BR\" \/>\n<meta property=\"og:type\" content=\"article\" \/>\n<meta property=\"og:title\" content=\"PROPOSTA PEDAG\u00d3GICA - Col\u00e9gio C\u00e2ndido Portinari\" \/>\n<meta property=\"og:description\" content=\"[vc_row][vc_column][vc_column_text]A nossa escola acredita em um ensino que faz sentido, porque \u00e9 necess\u00e1ria uma concep\u00e7\u00e3o de aprendizagem na qual o conjunto das habilidades desenvolvidas, como comunica\u00e7\u00e3o, criatividade, resili\u00eancia e a capacidade de aprender continuamente, torna-se um diferencial. Ao concluir a\u00a0 educa\u00e7\u00e3o b\u00e1sica,o estudante dever\u00e1 estar preparado, ou no m\u00ednimo adaptado, para qualquer realidade. Nossos professores [&hellip;]\" \/>\n<meta property=\"og:url\" content=\"https:\/\/www.portinari-ba.com.br\/?page_id=662\" \/>\n<meta property=\"og:site_name\" content=\"Col\u00e9gio C\u00e2ndido Portinari\" \/>\n<meta property=\"article:modified_time\" content=\"2023-12-05T12:54:02+00:00\" \/>\n<meta name=\"twitter:card\" content=\"summary_large_image\" \/>\n<meta name=\"twitter:label1\" content=\"Est. tempo de leitura\" \/>\n\t<meta name=\"twitter:data1\" content=\"3 minutos\" \/>\n<script type=\"application\/ld+json\" class=\"yoast-schema-graph\">{\"@context\":\"https:\/\/schema.org\",\"@graph\":[{\"@type\":\"WebPage\",\"@id\":\"https:\/\/www.portinari-ba.com.br\/?page_id=662\",\"url\":\"https:\/\/www.portinari-ba.com.br\/?page_id=662\",\"name\":\"PROPOSTA PEDAG\u00d3GICA - Col\u00e9gio C\u00e2ndido Portinari\",\"isPartOf\":{\"@id\":\"https:\/\/www.portinari-ba.com.br\/#website\"},\"datePublished\":\"2021-06-22T22:26:11+00:00\",\"dateModified\":\"2023-12-05T12:54:02+00:00\",\"breadcrumb\":{\"@id\":\"https:\/\/www.portinari-ba.com.br\/?page_id=662#breadcrumb\"},\"inLanguage\":\"pt-BR\",\"potentialAction\":[{\"@type\":\"ReadAction\",\"target\":[\"https:\/\/www.portinari-ba.com.br\/?page_id=662\"]}]},{\"@type\":\"BreadcrumbList\",\"@id\":\"https:\/\/www.portinari-ba.com.br\/?page_id=662#breadcrumb\",\"itemListElement\":[{\"@type\":\"ListItem\",\"position\":1,\"name\":\"In\u00edcio\",\"item\":\"https:\/\/www.portinari-ba.com.br\/\"},{\"@type\":\"ListItem\",\"position\":2,\"name\":\"PROPOSTA PEDAG\u00d3GICA\"}]},{\"@type\":\"WebSite\",\"@id\":\"https:\/\/www.portinari-ba.com.br\/#website\",\"url\":\"https:\/\/www.portinari-ba.com.br\/\",\"name\":\"Col\u00e9gio C\u00e2ndido Portinari\",\"description\":\"\",\"potentialAction\":[{\"@type\":\"SearchAction\",\"target\":{\"@type\":\"EntryPoint\",\"urlTemplate\":\"https:\/\/www.portinari-ba.com.br\/?s={search_term_string}\"},\"query-input\":{\"@type\":\"PropertyValueSpecification\",\"valueRequired\":true,\"valueName\":\"search_term_string\"}}],\"inLanguage\":\"pt-BR\"}]}<\/script>\n<!-- \/ Yoast SEO plugin. -->","yoast_head_json":{"title":"PROPOSTA PEDAG\u00d3GICA - Col\u00e9gio C\u00e2ndido Portinari","robots":{"index":"index","follow":"follow","max-snippet":"max-snippet:-1","max-image-preview":"max-image-preview:large","max-video-preview":"max-video-preview:-1"},"canonical":"https:\/\/www.portinari-ba.com.br\/?page_id=662","og_locale":"pt_BR","og_type":"article","og_title":"PROPOSTA PEDAG\u00d3GICA - Col\u00e9gio C\u00e2ndido Portinari","og_description":"[vc_row][vc_column][vc_column_text]A nossa escola acredita em um ensino que faz sentido, porque \u00e9 necess\u00e1ria uma concep\u00e7\u00e3o de aprendizagem na qual o conjunto das habilidades desenvolvidas, como comunica\u00e7\u00e3o, criatividade, resili\u00eancia e a capacidade de aprender continuamente, torna-se um diferencial. Ao concluir a\u00a0 educa\u00e7\u00e3o b\u00e1sica,o estudante dever\u00e1 estar preparado, ou no m\u00ednimo adaptado, para qualquer realidade. Nossos professores [&hellip;]","og_url":"https:\/\/www.portinari-ba.com.br\/?page_id=662","og_site_name":"Col\u00e9gio C\u00e2ndido Portinari","article_modified_time":"2023-12-05T12:54:02+00:00","twitter_card":"summary_large_image","twitter_misc":{"Est. tempo de leitura":"3 minutos"},"schema":{"@context":"https:\/\/schema.org","@graph":[{"@type":"WebPage","@id":"https:\/\/www.portinari-ba.com.br\/?page_id=662","url":"https:\/\/www.portinari-ba.com.br\/?page_id=662","name":"PROPOSTA PEDAG\u00d3GICA - Col\u00e9gio C\u00e2ndido Portinari","isPartOf":{"@id":"https:\/\/www.portinari-ba.com.br\/#website"},"datePublished":"2021-06-22T22:26:11+00:00","dateModified":"2023-12-05T12:54:02+00:00","breadcrumb":{"@id":"https:\/\/www.portinari-ba.com.br\/?page_id=662#breadcrumb"},"inLanguage":"pt-BR","potentialAction":[{"@type":"ReadAction","target":["https:\/\/www.portinari-ba.com.br\/?page_id=662"]}]},{"@type":"BreadcrumbList","@id":"https:\/\/www.portinari-ba.com.br\/?page_id=662#breadcrumb","itemListElement":[{"@type":"ListItem","position":1,"name":"In\u00edcio","item":"https:\/\/www.portinari-ba.com.br\/"},{"@type":"ListItem","position":2,"name":"PROPOSTA PEDAG\u00d3GICA"}]},{"@type":"WebSite","@id":"https:\/\/www.portinari-ba.com.br\/#website","url":"https:\/\/www.portinari-ba.com.br\/","name":"Col\u00e9gio C\u00e2ndido Portinari","description":"","potentialAction":[{"@type":"SearchAction","target":{"@type":"EntryPoint","urlTemplate":"https:\/\/www.portinari-ba.com.br\/?s={search_term_string}"},"query-input":{"@type":"PropertyValueSpecification","valueRequired":true,"valueName":"search_term_string"}}],"inLanguage":"pt-BR"}]}},"_links":{"self":[{"href":"https:\/\/www.portinari-ba.com.br\/index.php?rest_route=\/wp\/v2\/pages\/662","targetHints":{"allow":["GET"]}}],"collection":[{"href":"https:\/\/www.portinari-ba.com.br\/index.php?rest_route=\/wp\/v2\/pages"}],"about":[{"href":"https:\/\/www.portinari-ba.com.br\/index.php?rest_route=\/wp\/v2\/types\/page"}],"author":[{"embeddable":true,"href":"https:\/\/www.portinari-ba.com.br\/index.php?rest_route=\/wp\/v2\/users\/1"}],"replies":[{"embeddable":true,"href":"https:\/\/www.portinari-ba.com.br\/index.php?rest_route=%2Fwp%2Fv2%2Fcomments&post=662"}],"version-history":[{"count":7,"href":"https:\/\/www.portinari-ba.com.br\/index.php?rest_route=\/wp\/v2\/pages\/662\/revisions"}],"predecessor-version":[{"id":664,"href":"https:\/\/www.portinari-ba.com.br\/index.php?rest_route=\/wp\/v2\/pages\/662\/revisions\/664"}],"wp:attachment":[{"href":"https:\/\/www.portinari-ba.com.br\/index.php?rest_route=%2Fwp%2Fv2%2Fmedia&parent=662"}],"curies":[{"name":"wp","href":"https:\/\/api.w.org\/{rel}","templated":true}]}}