{"id":666,"date":"2021-06-22T22:29:46","date_gmt":"2021-06-22T22:29:46","guid":{"rendered":"http:\/\/www.portinari-ba.com.br\/?page_id=666"},"modified":"2023-09-12T18:20:17","modified_gmt":"2023-09-12T18:20:17","slug":"ensino-fundamental-anos-iniciais","status":"publish","type":"page","link":"https:\/\/www.portinari-ba.com.br\/?page_id=666","title":{"rendered":"ENSINO FUNDAMENTAL ANOS INICIAIS"},"content":{"rendered":"<p>[vc_row][vc_column][vc_column_text]O ensino fundamental anos iniciais atua visando ao desenvolvimento acad\u00eamico, com aten\u00e7\u00e3o ao indiv\u00edduo e na sua rela\u00e7\u00e3o com o social. Essa etapa \u00e9 muito importante na constru\u00e7\u00e3o e na forma\u00e7\u00e3o das crian\u00e7as. Para isso, \u00e9 importante o trabalho com diversos recursos e estrat\u00e9gias, com o objetivo de desenvolver as habilidades e compet\u00eancias significativas para a sua forma\u00e7\u00e3o humana.<\/p>\n<p>&nbsp;<\/p>\n<p>Nos diferentes anos de ensino, trabalhamos com atividades e\/ou projetos que visam ao protagonismo dos nossos estudantes de forma aut\u00f4noma e reflexiva, que se reconhe\u00e7am no tempo e no espa\u00e7o, como ser integral e atuante com capacidade para interagir na sociedade de forma respons\u00e1vel e colaborativa.<\/p>\n<p>&nbsp;<\/p>\n<p>Assim, acreditamos na forma\u00e7\u00e3o integral do ser.[\/vc_column_text][vc_btn title=&#8221;Quero mais informa\u00e7\u00f5es!&#8221; style=&#8221;custom&#8221; custom_background=&#8221;#0098da&#8221; custom_text=&#8221;#ffffff&#8221; size=&#8221;lg&#8221; link=&#8221;url:http%3A%2F%2Fwww.portinari-ba.com.br%2F%3Fpage_id%3D841&#8243;][\/vc_column][\/vc_row]<\/p>\n","protected":false},"excerpt":{"rendered":"<p>[vc_row][vc_column][vc_column_text]O ensino fundamental anos iniciais atua visando ao desenvolvimento acad\u00eamico, com aten\u00e7\u00e3o ao indiv\u00edduo e na sua rela\u00e7\u00e3o com o social. Essa etapa \u00e9 muito importante na constru\u00e7\u00e3o e na forma\u00e7\u00e3o das crian\u00e7as. Para isso, \u00e9 importante o trabalho com diversos recursos e estrat\u00e9gias, com o objetivo de desenvolver as habilidades e compet\u00eancias significativas para [&hellip;]<\/p>\n","protected":false},"author":1,"featured_media":0,"parent":0,"menu_order":0,"comment_status":"closed","ping_status":"closed","template":"","meta":{"footnotes":""},"class_list":["post-666","page","type-page","status-publish","hentry"],"yoast_head":"<!-- This site is optimized with the Yoast SEO plugin v25.6 - https:\/\/yoast.com\/wordpress\/plugins\/seo\/ -->\n<title>ENSINO FUNDAMENTAL ANOS INICIAIS - Col\u00e9gio C\u00e2ndido Portinari<\/title>\n<meta name=\"robots\" content=\"index, follow, max-snippet:-1, max-image-preview:large, max-video-preview:-1\" \/>\n<link rel=\"canonical\" href=\"https:\/\/www.portinari-ba.com.br\/?page_id=666\" \/>\n<meta property=\"og:locale\" content=\"pt_BR\" \/>\n<meta property=\"og:type\" content=\"article\" \/>\n<meta property=\"og:title\" content=\"ENSINO FUNDAMENTAL ANOS INICIAIS - Col\u00e9gio C\u00e2ndido Portinari\" \/>\n<meta property=\"og:description\" content=\"[vc_row][vc_column][vc_column_text]O ensino fundamental anos iniciais atua visando ao desenvolvimento acad\u00eamico, com aten\u00e7\u00e3o ao indiv\u00edduo e na sua rela\u00e7\u00e3o com o social. Essa etapa \u00e9 muito importante na constru\u00e7\u00e3o e na forma\u00e7\u00e3o das crian\u00e7as. Para isso, \u00e9 importante o trabalho com diversos recursos e estrat\u00e9gias, com o objetivo de desenvolver as habilidades e compet\u00eancias significativas para [&hellip;]\" \/>\n<meta property=\"og:url\" content=\"https:\/\/www.portinari-ba.com.br\/?page_id=666\" \/>\n<meta property=\"og:site_name\" content=\"Col\u00e9gio C\u00e2ndido Portinari\" \/>\n<meta property=\"article:modified_time\" content=\"2023-09-12T18:20:17+00:00\" \/>\n<meta name=\"twitter:card\" content=\"summary_large_image\" \/>\n<meta name=\"twitter:label1\" content=\"Est. tempo de leitura\" \/>\n\t<meta name=\"twitter:data1\" content=\"1 minuto\" \/>\n<script type=\"application\/ld+json\" class=\"yoast-schema-graph\">{\"@context\":\"https:\/\/schema.org\",\"@graph\":[{\"@type\":\"WebPage\",\"@id\":\"https:\/\/www.portinari-ba.com.br\/?page_id=666\",\"url\":\"https:\/\/www.portinari-ba.com.br\/?page_id=666\",\"name\":\"ENSINO FUNDAMENTAL ANOS INICIAIS - Col\u00e9gio C\u00e2ndido Portinari\",\"isPartOf\":{\"@id\":\"https:\/\/www.portinari-ba.com.br\/#website\"},\"datePublished\":\"2021-06-22T22:29:46+00:00\",\"dateModified\":\"2023-09-12T18:20:17+00:00\",\"breadcrumb\":{\"@id\":\"https:\/\/www.portinari-ba.com.br\/?page_id=666#breadcrumb\"},\"inLanguage\":\"pt-BR\",\"potentialAction\":[{\"@type\":\"ReadAction\",\"target\":[\"https:\/\/www.portinari-ba.com.br\/?page_id=666\"]}]},{\"@type\":\"BreadcrumbList\",\"@id\":\"https:\/\/www.portinari-ba.com.br\/?page_id=666#breadcrumb\",\"itemListElement\":[{\"@type\":\"ListItem\",\"position\":1,\"name\":\"In\u00edcio\",\"item\":\"https:\/\/www.portinari-ba.com.br\/\"},{\"@type\":\"ListItem\",\"position\":2,\"name\":\"ENSINO FUNDAMENTAL ANOS INICIAIS\"}]},{\"@type\":\"WebSite\",\"@id\":\"https:\/\/www.portinari-ba.com.br\/#website\",\"url\":\"https:\/\/www.portinari-ba.com.br\/\",\"name\":\"Col\u00e9gio C\u00e2ndido Portinari\",\"description\":\"\",\"potentialAction\":[{\"@type\":\"SearchAction\",\"target\":{\"@type\":\"EntryPoint\",\"urlTemplate\":\"https:\/\/www.portinari-ba.com.br\/?s={search_term_string}\"},\"query-input\":{\"@type\":\"PropertyValueSpecification\",\"valueRequired\":true,\"valueName\":\"search_term_string\"}}],\"inLanguage\":\"pt-BR\"}]}<\/script>\n<!-- \/ Yoast SEO plugin. -->","yoast_head_json":{"title":"ENSINO FUNDAMENTAL ANOS INICIAIS - Col\u00e9gio C\u00e2ndido Portinari","robots":{"index":"index","follow":"follow","max-snippet":"max-snippet:-1","max-image-preview":"max-image-preview:large","max-video-preview":"max-video-preview:-1"},"canonical":"https:\/\/www.portinari-ba.com.br\/?page_id=666","og_locale":"pt_BR","og_type":"article","og_title":"ENSINO FUNDAMENTAL ANOS INICIAIS - Col\u00e9gio C\u00e2ndido Portinari","og_description":"[vc_row][vc_column][vc_column_text]O ensino fundamental anos iniciais atua visando ao desenvolvimento acad\u00eamico, com aten\u00e7\u00e3o ao indiv\u00edduo e na sua rela\u00e7\u00e3o com o social. Essa etapa \u00e9 muito importante na constru\u00e7\u00e3o e na forma\u00e7\u00e3o das crian\u00e7as. Para isso, \u00e9 importante o trabalho com diversos recursos e estrat\u00e9gias, com o objetivo de desenvolver as habilidades e compet\u00eancias significativas para [&hellip;]","og_url":"https:\/\/www.portinari-ba.com.br\/?page_id=666","og_site_name":"Col\u00e9gio C\u00e2ndido Portinari","article_modified_time":"2023-09-12T18:20:17+00:00","twitter_card":"summary_large_image","twitter_misc":{"Est. tempo de leitura":"1 minuto"},"schema":{"@context":"https:\/\/schema.org","@graph":[{"@type":"WebPage","@id":"https:\/\/www.portinari-ba.com.br\/?page_id=666","url":"https:\/\/www.portinari-ba.com.br\/?page_id=666","name":"ENSINO FUNDAMENTAL ANOS INICIAIS - Col\u00e9gio C\u00e2ndido Portinari","isPartOf":{"@id":"https:\/\/www.portinari-ba.com.br\/#website"},"datePublished":"2021-06-22T22:29:46+00:00","dateModified":"2023-09-12T18:20:17+00:00","breadcrumb":{"@id":"https:\/\/www.portinari-ba.com.br\/?page_id=666#breadcrumb"},"inLanguage":"pt-BR","potentialAction":[{"@type":"ReadAction","target":["https:\/\/www.portinari-ba.com.br\/?page_id=666"]}]},{"@type":"BreadcrumbList","@id":"https:\/\/www.portinari-ba.com.br\/?page_id=666#breadcrumb","itemListElement":[{"@type":"ListItem","position":1,"name":"In\u00edcio","item":"https:\/\/www.portinari-ba.com.br\/"},{"@type":"ListItem","position":2,"name":"ENSINO FUNDAMENTAL ANOS INICIAIS"}]},{"@type":"WebSite","@id":"https:\/\/www.portinari-ba.com.br\/#website","url":"https:\/\/www.portinari-ba.com.br\/","name":"Col\u00e9gio C\u00e2ndido Portinari","description":"","potentialAction":[{"@type":"SearchAction","target":{"@type":"EntryPoint","urlTemplate":"https:\/\/www.portinari-ba.com.br\/?s={search_term_string}"},"query-input":{"@type":"PropertyValueSpecification","valueRequired":true,"valueName":"search_term_string"}}],"inLanguage":"pt-BR"}]}},"_links":{"self":[{"href":"https:\/\/www.portinari-ba.com.br\/index.php?rest_route=\/wp\/v2\/pages\/666","targetHints":{"allow":["GET"]}}],"collection":[{"href":"https:\/\/www.portinari-ba.com.br\/index.php?rest_route=\/wp\/v2\/pages"}],"about":[{"href":"https:\/\/www.portinari-ba.com.br\/index.php?rest_route=\/wp\/v2\/types\/page"}],"author":[{"embeddable":true,"href":"https:\/\/www.portinari-ba.com.br\/index.php?rest_route=\/wp\/v2\/users\/1"}],"replies":[{"embeddable":true,"href":"https:\/\/www.portinari-ba.com.br\/index.php?rest_route=%2Fwp%2Fv2%2Fcomments&post=666"}],"version-history":[{"count":5,"href":"https:\/\/www.portinari-ba.com.br\/index.php?rest_route=\/wp\/v2\/pages\/666\/revisions"}],"predecessor-version":[{"id":956,"href":"https:\/\/www.portinari-ba.com.br\/index.php?rest_route=\/wp\/v2\/pages\/666\/revisions\/956"}],"wp:attachment":[{"href":"https:\/\/www.portinari-ba.com.br\/index.php?rest_route=%2Fwp%2Fv2%2Fmedia&parent=666"}],"curies":[{"name":"wp","href":"https:\/\/api.w.org\/{rel}","templated":true}]}}