{"id":668,"date":"2021-06-22T22:30:35","date_gmt":"2021-06-22T22:30:35","guid":{"rendered":"http:\/\/www.portinari-ba.com.br\/?page_id=668"},"modified":"2023-09-12T18:20:30","modified_gmt":"2023-09-12T18:20:30","slug":"ensino-fundamental-anos-finais","status":"publish","type":"page","link":"https:\/\/www.portinari-ba.com.br\/?page_id=668","title":{"rendered":"ENSINO FUNDAMENTAL ANOS FINAIS"},"content":{"rendered":"<p>[vc_row][vc_column][vc_column_text]Ao ingressar no 6\u00ba ano, o estudante vivencia uma s\u00e9rie de mudan\u00e7as: na estrutura curricular, na did\u00e1tica docente, assim como suas pr\u00f3prias mudan\u00e7as f\u00edsicas, cognitivas, emocionais e sociais. Por isso, o auxiliamos a compreender sua nova fase e perceber seu potencial para desenvolver habilidades importantes, como lidar com as diferen\u00e7as e desenvolver a sua autonomia.<\/p>\n<p>&nbsp;<\/p>\n<p>Para tanto, priorizamos trabalhar com a metodologia centrada em projetos did\u00e1ticos em um processo de troca de experi\u00eancias e di\u00e1logo aberto, com foco no desenvolvimento da criatividade, incentivo \u00e0 participa\u00e7\u00e3o e protagonismo dos estudantes na constru\u00e7\u00e3o das aprendizagens.[\/vc_column_text][vc_btn title=&#8221;Quero mais informa\u00e7\u00f5es!&#8221; style=&#8221;custom&#8221; custom_background=&#8221;#0098da&#8221; custom_text=&#8221;#ffffff&#8221; size=&#8221;lg&#8221; link=&#8221;url:http%3A%2F%2Fwww.portinari-ba.com.br%2F%3Fpage_id%3D841&#8243;][\/vc_column][\/vc_row]<\/p>\n","protected":false},"excerpt":{"rendered":"<p>[vc_row][vc_column][vc_column_text]Ao ingressar no 6\u00ba ano, o estudante vivencia uma s\u00e9rie de mudan\u00e7as: na estrutura curricular, na did\u00e1tica docente, assim como suas pr\u00f3prias mudan\u00e7as f\u00edsicas, cognitivas, emocionais e sociais. Por isso, o auxiliamos a compreender sua nova fase e perceber seu potencial para desenvolver habilidades importantes, como lidar com as diferen\u00e7as e desenvolver a sua autonomia. [&hellip;]<\/p>\n","protected":false},"author":1,"featured_media":0,"parent":0,"menu_order":0,"comment_status":"closed","ping_status":"closed","template":"","meta":{"footnotes":""},"class_list":["post-668","page","type-page","status-publish","hentry"],"yoast_head":"<!-- This site is optimized with the Yoast SEO plugin v25.6 - https:\/\/yoast.com\/wordpress\/plugins\/seo\/ -->\n<title>ENSINO FUNDAMENTAL ANOS FINAIS - Col\u00e9gio C\u00e2ndido Portinari<\/title>\n<meta name=\"robots\" content=\"index, follow, max-snippet:-1, max-image-preview:large, max-video-preview:-1\" \/>\n<link rel=\"canonical\" href=\"https:\/\/www.portinari-ba.com.br\/?page_id=668\" \/>\n<meta property=\"og:locale\" content=\"pt_BR\" \/>\n<meta property=\"og:type\" content=\"article\" \/>\n<meta property=\"og:title\" content=\"ENSINO FUNDAMENTAL ANOS FINAIS - Col\u00e9gio C\u00e2ndido Portinari\" \/>\n<meta property=\"og:description\" content=\"[vc_row][vc_column][vc_column_text]Ao ingressar no 6\u00ba ano, o estudante vivencia uma s\u00e9rie de mudan\u00e7as: na estrutura curricular, na did\u00e1tica docente, assim como suas pr\u00f3prias mudan\u00e7as f\u00edsicas, cognitivas, emocionais e sociais. Por isso, o auxiliamos a compreender sua nova fase e perceber seu potencial para desenvolver habilidades importantes, como lidar com as diferen\u00e7as e desenvolver a sua autonomia. [&hellip;]\" \/>\n<meta property=\"og:url\" content=\"https:\/\/www.portinari-ba.com.br\/?page_id=668\" \/>\n<meta property=\"og:site_name\" content=\"Col\u00e9gio C\u00e2ndido Portinari\" \/>\n<meta property=\"article:modified_time\" content=\"2023-09-12T18:20:30+00:00\" \/>\n<meta name=\"twitter:card\" content=\"summary_large_image\" \/>\n<meta name=\"twitter:label1\" content=\"Est. tempo de leitura\" \/>\n\t<meta name=\"twitter:data1\" content=\"1 minuto\" \/>\n<script type=\"application\/ld+json\" class=\"yoast-schema-graph\">{\"@context\":\"https:\/\/schema.org\",\"@graph\":[{\"@type\":\"WebPage\",\"@id\":\"https:\/\/www.portinari-ba.com.br\/?page_id=668\",\"url\":\"https:\/\/www.portinari-ba.com.br\/?page_id=668\",\"name\":\"ENSINO FUNDAMENTAL ANOS FINAIS - Col\u00e9gio C\u00e2ndido Portinari\",\"isPartOf\":{\"@id\":\"https:\/\/www.portinari-ba.com.br\/#website\"},\"datePublished\":\"2021-06-22T22:30:35+00:00\",\"dateModified\":\"2023-09-12T18:20:30+00:00\",\"breadcrumb\":{\"@id\":\"https:\/\/www.portinari-ba.com.br\/?page_id=668#breadcrumb\"},\"inLanguage\":\"pt-BR\",\"potentialAction\":[{\"@type\":\"ReadAction\",\"target\":[\"https:\/\/www.portinari-ba.com.br\/?page_id=668\"]}]},{\"@type\":\"BreadcrumbList\",\"@id\":\"https:\/\/www.portinari-ba.com.br\/?page_id=668#breadcrumb\",\"itemListElement\":[{\"@type\":\"ListItem\",\"position\":1,\"name\":\"In\u00edcio\",\"item\":\"https:\/\/www.portinari-ba.com.br\/\"},{\"@type\":\"ListItem\",\"position\":2,\"name\":\"ENSINO FUNDAMENTAL ANOS FINAIS\"}]},{\"@type\":\"WebSite\",\"@id\":\"https:\/\/www.portinari-ba.com.br\/#website\",\"url\":\"https:\/\/www.portinari-ba.com.br\/\",\"name\":\"Col\u00e9gio C\u00e2ndido Portinari\",\"description\":\"\",\"potentialAction\":[{\"@type\":\"SearchAction\",\"target\":{\"@type\":\"EntryPoint\",\"urlTemplate\":\"https:\/\/www.portinari-ba.com.br\/?s={search_term_string}\"},\"query-input\":{\"@type\":\"PropertyValueSpecification\",\"valueRequired\":true,\"valueName\":\"search_term_string\"}}],\"inLanguage\":\"pt-BR\"}]}<\/script>\n<!-- \/ Yoast SEO plugin. -->","yoast_head_json":{"title":"ENSINO FUNDAMENTAL ANOS FINAIS - Col\u00e9gio C\u00e2ndido Portinari","robots":{"index":"index","follow":"follow","max-snippet":"max-snippet:-1","max-image-preview":"max-image-preview:large","max-video-preview":"max-video-preview:-1"},"canonical":"https:\/\/www.portinari-ba.com.br\/?page_id=668","og_locale":"pt_BR","og_type":"article","og_title":"ENSINO FUNDAMENTAL ANOS FINAIS - Col\u00e9gio C\u00e2ndido Portinari","og_description":"[vc_row][vc_column][vc_column_text]Ao ingressar no 6\u00ba ano, o estudante vivencia uma s\u00e9rie de mudan\u00e7as: na estrutura curricular, na did\u00e1tica docente, assim como suas pr\u00f3prias mudan\u00e7as f\u00edsicas, cognitivas, emocionais e sociais. Por isso, o auxiliamos a compreender sua nova fase e perceber seu potencial para desenvolver habilidades importantes, como lidar com as diferen\u00e7as e desenvolver a sua autonomia. [&hellip;]","og_url":"https:\/\/www.portinari-ba.com.br\/?page_id=668","og_site_name":"Col\u00e9gio C\u00e2ndido Portinari","article_modified_time":"2023-09-12T18:20:30+00:00","twitter_card":"summary_large_image","twitter_misc":{"Est. tempo de leitura":"1 minuto"},"schema":{"@context":"https:\/\/schema.org","@graph":[{"@type":"WebPage","@id":"https:\/\/www.portinari-ba.com.br\/?page_id=668","url":"https:\/\/www.portinari-ba.com.br\/?page_id=668","name":"ENSINO FUNDAMENTAL ANOS FINAIS - Col\u00e9gio C\u00e2ndido Portinari","isPartOf":{"@id":"https:\/\/www.portinari-ba.com.br\/#website"},"datePublished":"2021-06-22T22:30:35+00:00","dateModified":"2023-09-12T18:20:30+00:00","breadcrumb":{"@id":"https:\/\/www.portinari-ba.com.br\/?page_id=668#breadcrumb"},"inLanguage":"pt-BR","potentialAction":[{"@type":"ReadAction","target":["https:\/\/www.portinari-ba.com.br\/?page_id=668"]}]},{"@type":"BreadcrumbList","@id":"https:\/\/www.portinari-ba.com.br\/?page_id=668#breadcrumb","itemListElement":[{"@type":"ListItem","position":1,"name":"In\u00edcio","item":"https:\/\/www.portinari-ba.com.br\/"},{"@type":"ListItem","position":2,"name":"ENSINO FUNDAMENTAL ANOS FINAIS"}]},{"@type":"WebSite","@id":"https:\/\/www.portinari-ba.com.br\/#website","url":"https:\/\/www.portinari-ba.com.br\/","name":"Col\u00e9gio C\u00e2ndido Portinari","description":"","potentialAction":[{"@type":"SearchAction","target":{"@type":"EntryPoint","urlTemplate":"https:\/\/www.portinari-ba.com.br\/?s={search_term_string}"},"query-input":{"@type":"PropertyValueSpecification","valueRequired":true,"valueName":"search_term_string"}}],"inLanguage":"pt-BR"}]}},"_links":{"self":[{"href":"https:\/\/www.portinari-ba.com.br\/index.php?rest_route=\/wp\/v2\/pages\/668","targetHints":{"allow":["GET"]}}],"collection":[{"href":"https:\/\/www.portinari-ba.com.br\/index.php?rest_route=\/wp\/v2\/pages"}],"about":[{"href":"https:\/\/www.portinari-ba.com.br\/index.php?rest_route=\/wp\/v2\/types\/page"}],"author":[{"embeddable":true,"href":"https:\/\/www.portinari-ba.com.br\/index.php?rest_route=\/wp\/v2\/users\/1"}],"replies":[{"embeddable":true,"href":"https:\/\/www.portinari-ba.com.br\/index.php?rest_route=%2Fwp%2Fv2%2Fcomments&post=668"}],"version-history":[{"count":5,"href":"https:\/\/www.portinari-ba.com.br\/index.php?rest_route=\/wp\/v2\/pages\/668\/revisions"}],"predecessor-version":[{"id":852,"href":"https:\/\/www.portinari-ba.com.br\/index.php?rest_route=\/wp\/v2\/pages\/668\/revisions\/852"}],"wp:attachment":[{"href":"https:\/\/www.portinari-ba.com.br\/index.php?rest_route=%2Fwp%2Fv2%2Fmedia&parent=668"}],"curies":[{"name":"wp","href":"https:\/\/api.w.org\/{rel}","templated":true}]}}