{"id":671,"date":"2021-06-22T22:31:08","date_gmt":"2021-06-22T22:31:08","guid":{"rendered":"http:\/\/www.portinari-ba.com.br\/?page_id=671"},"modified":"2023-09-12T18:20:02","modified_gmt":"2023-09-12T18:20:02","slug":"ensino-medio","status":"publish","type":"page","link":"https:\/\/www.portinari-ba.com.br\/?page_id=671","title":{"rendered":"ENSINO M\u00c9DIO"},"content":{"rendered":"<p>[vc_row][vc_column][vc_column_text]O Ensino M\u00e9dio \u00e9 o ciclo de fechamento do Ensino B\u00e1sico. Durante os tr\u00eas anos deste ciclo, os estudantes precisam sedimentar os conhecimentos absorvidos, agora com mais amplitude e profundidade. Conceitos como autoconhecimento e autonomia se tornam presentes na sua rotina de estudos, pois passam a ter, al\u00e9m do desenvolvimento acad\u00eamico, a prepara\u00e7\u00e3o para a escolha profissional e o ingresso em uma universidade.<\/p>\n<p>&nbsp;<\/p>\n<p>Durante o ensino m\u00e9dio, desenvolvemos momentos de forma\u00e7\u00e3o profissional, al\u00e9m de ciclos de palestras em diversas \u00e1reas, para que os estudantes fa\u00e7am a escolha da carreira com mais seguran\u00e7a, al\u00e9m disso, a\u00e7\u00f5es com foco na prepara\u00e7\u00e3o para o ENEM e os diversos outros vestibulares. Para isso, ampliamos a carga hor\u00e1ria de diversas disciplinas al\u00e9m da produ\u00e7\u00e3o de aulas interdisciplinares, que possibilitam o di\u00e1logo entre os diferentes componentes curriculares, de forma a integrar os conhecimentos numa vis\u00e3o global.<\/p>\n<p>&nbsp;<\/p>\n<p>Realizamos v\u00e1rios simulados e criamos \u201cas cronometradas\u201d na 3\u00aa s\u00e9rie, que \u00e9 um treinamento para organiza\u00e7\u00e3o do tempo de resposta na realiza\u00e7\u00e3o das provas do ENEM.<\/p>\n<p>&nbsp;<\/p>\n<p>Semanalmente, nossos estudantes fazem produ\u00e7\u00e3o textual, para exercitarem e aperfei\u00e7oarem as cinco compet\u00eancias para elabora\u00e7\u00e3o de textos e participam dos plant\u00f5es, individualmente, nos quais recebem orienta\u00e7\u00f5es sobre o texto produzido por eles.<\/p>\n<p>&nbsp;<\/p>\n<p>E, por fim, disponibilizamos monitorias em algumas disciplinas, preparando os estudantes nos assuntos em que eles apresentam mais dificuldades.[\/vc_column_text][vc_btn title=&#8221;Quero mais informa\u00e7\u00f5es!&#8221; style=&#8221;custom&#8221; custom_background=&#8221;#0098da&#8221; custom_text=&#8221;#ffffff&#8221; size=&#8221;lg&#8221; link=&#8221;url:http%3A%2F%2Fwww.portinari-ba.com.br%2F%3Fpage_id%3D841&#8243;][\/vc_column][\/vc_row]<\/p>\n","protected":false},"excerpt":{"rendered":"<p>[vc_row][vc_column][vc_column_text]O Ensino M\u00e9dio \u00e9 o ciclo de fechamento do Ensino B\u00e1sico. Durante os tr\u00eas anos deste ciclo, os estudantes precisam sedimentar os conhecimentos absorvidos, agora com mais amplitude e profundidade. Conceitos como autoconhecimento e autonomia se tornam presentes na sua rotina de estudos, pois passam a ter, al\u00e9m do desenvolvimento acad\u00eamico, a prepara\u00e7\u00e3o para a [&hellip;]<\/p>\n","protected":false},"author":1,"featured_media":0,"parent":0,"menu_order":0,"comment_status":"closed","ping_status":"closed","template":"","meta":{"footnotes":""},"class_list":["post-671","page","type-page","status-publish","hentry"],"yoast_head":"<!-- This site is optimized with the Yoast SEO plugin v25.6 - https:\/\/yoast.com\/wordpress\/plugins\/seo\/ -->\n<title>ENSINO M\u00c9DIO - Col\u00e9gio C\u00e2ndido Portinari<\/title>\n<meta name=\"robots\" content=\"index, follow, max-snippet:-1, max-image-preview:large, max-video-preview:-1\" \/>\n<link rel=\"canonical\" href=\"https:\/\/www.portinari-ba.com.br\/?page_id=671\" \/>\n<meta property=\"og:locale\" content=\"pt_BR\" \/>\n<meta property=\"og:type\" content=\"article\" \/>\n<meta property=\"og:title\" content=\"ENSINO M\u00c9DIO - Col\u00e9gio C\u00e2ndido Portinari\" \/>\n<meta property=\"og:description\" content=\"[vc_row][vc_column][vc_column_text]O Ensino M\u00e9dio \u00e9 o ciclo de fechamento do Ensino B\u00e1sico. Durante os tr\u00eas anos deste ciclo, os estudantes precisam sedimentar os conhecimentos absorvidos, agora com mais amplitude e profundidade. Conceitos como autoconhecimento e autonomia se tornam presentes na sua rotina de estudos, pois passam a ter, al\u00e9m do desenvolvimento acad\u00eamico, a prepara\u00e7\u00e3o para a [&hellip;]\" \/>\n<meta property=\"og:url\" content=\"https:\/\/www.portinari-ba.com.br\/?page_id=671\" \/>\n<meta property=\"og:site_name\" content=\"Col\u00e9gio C\u00e2ndido Portinari\" \/>\n<meta property=\"article:modified_time\" content=\"2023-09-12T18:20:02+00:00\" \/>\n<meta name=\"twitter:card\" content=\"summary_large_image\" \/>\n<meta name=\"twitter:label1\" content=\"Est. tempo de leitura\" \/>\n\t<meta name=\"twitter:data1\" content=\"2 minutos\" \/>\n<script type=\"application\/ld+json\" class=\"yoast-schema-graph\">{\"@context\":\"https:\/\/schema.org\",\"@graph\":[{\"@type\":\"WebPage\",\"@id\":\"https:\/\/www.portinari-ba.com.br\/?page_id=671\",\"url\":\"https:\/\/www.portinari-ba.com.br\/?page_id=671\",\"name\":\"ENSINO M\u00c9DIO - Col\u00e9gio C\u00e2ndido Portinari\",\"isPartOf\":{\"@id\":\"https:\/\/www.portinari-ba.com.br\/#website\"},\"datePublished\":\"2021-06-22T22:31:08+00:00\",\"dateModified\":\"2023-09-12T18:20:02+00:00\",\"breadcrumb\":{\"@id\":\"https:\/\/www.portinari-ba.com.br\/?page_id=671#breadcrumb\"},\"inLanguage\":\"pt-BR\",\"potentialAction\":[{\"@type\":\"ReadAction\",\"target\":[\"https:\/\/www.portinari-ba.com.br\/?page_id=671\"]}]},{\"@type\":\"BreadcrumbList\",\"@id\":\"https:\/\/www.portinari-ba.com.br\/?page_id=671#breadcrumb\",\"itemListElement\":[{\"@type\":\"ListItem\",\"position\":1,\"name\":\"In\u00edcio\",\"item\":\"https:\/\/www.portinari-ba.com.br\/\"},{\"@type\":\"ListItem\",\"position\":2,\"name\":\"ENSINO M\u00c9DIO\"}]},{\"@type\":\"WebSite\",\"@id\":\"https:\/\/www.portinari-ba.com.br\/#website\",\"url\":\"https:\/\/www.portinari-ba.com.br\/\",\"name\":\"Col\u00e9gio C\u00e2ndido Portinari\",\"description\":\"\",\"potentialAction\":[{\"@type\":\"SearchAction\",\"target\":{\"@type\":\"EntryPoint\",\"urlTemplate\":\"https:\/\/www.portinari-ba.com.br\/?s={search_term_string}\"},\"query-input\":{\"@type\":\"PropertyValueSpecification\",\"valueRequired\":true,\"valueName\":\"search_term_string\"}}],\"inLanguage\":\"pt-BR\"}]}<\/script>\n<!-- \/ Yoast SEO plugin. -->","yoast_head_json":{"title":"ENSINO M\u00c9DIO - Col\u00e9gio C\u00e2ndido Portinari","robots":{"index":"index","follow":"follow","max-snippet":"max-snippet:-1","max-image-preview":"max-image-preview:large","max-video-preview":"max-video-preview:-1"},"canonical":"https:\/\/www.portinari-ba.com.br\/?page_id=671","og_locale":"pt_BR","og_type":"article","og_title":"ENSINO M\u00c9DIO - Col\u00e9gio C\u00e2ndido Portinari","og_description":"[vc_row][vc_column][vc_column_text]O Ensino M\u00e9dio \u00e9 o ciclo de fechamento do Ensino B\u00e1sico. Durante os tr\u00eas anos deste ciclo, os estudantes precisam sedimentar os conhecimentos absorvidos, agora com mais amplitude e profundidade. Conceitos como autoconhecimento e autonomia se tornam presentes na sua rotina de estudos, pois passam a ter, al\u00e9m do desenvolvimento acad\u00eamico, a prepara\u00e7\u00e3o para a [&hellip;]","og_url":"https:\/\/www.portinari-ba.com.br\/?page_id=671","og_site_name":"Col\u00e9gio C\u00e2ndido Portinari","article_modified_time":"2023-09-12T18:20:02+00:00","twitter_card":"summary_large_image","twitter_misc":{"Est. tempo de leitura":"2 minutos"},"schema":{"@context":"https:\/\/schema.org","@graph":[{"@type":"WebPage","@id":"https:\/\/www.portinari-ba.com.br\/?page_id=671","url":"https:\/\/www.portinari-ba.com.br\/?page_id=671","name":"ENSINO M\u00c9DIO - Col\u00e9gio C\u00e2ndido Portinari","isPartOf":{"@id":"https:\/\/www.portinari-ba.com.br\/#website"},"datePublished":"2021-06-22T22:31:08+00:00","dateModified":"2023-09-12T18:20:02+00:00","breadcrumb":{"@id":"https:\/\/www.portinari-ba.com.br\/?page_id=671#breadcrumb"},"inLanguage":"pt-BR","potentialAction":[{"@type":"ReadAction","target":["https:\/\/www.portinari-ba.com.br\/?page_id=671"]}]},{"@type":"BreadcrumbList","@id":"https:\/\/www.portinari-ba.com.br\/?page_id=671#breadcrumb","itemListElement":[{"@type":"ListItem","position":1,"name":"In\u00edcio","item":"https:\/\/www.portinari-ba.com.br\/"},{"@type":"ListItem","position":2,"name":"ENSINO M\u00c9DIO"}]},{"@type":"WebSite","@id":"https:\/\/www.portinari-ba.com.br\/#website","url":"https:\/\/www.portinari-ba.com.br\/","name":"Col\u00e9gio C\u00e2ndido Portinari","description":"","potentialAction":[{"@type":"SearchAction","target":{"@type":"EntryPoint","urlTemplate":"https:\/\/www.portinari-ba.com.br\/?s={search_term_string}"},"query-input":{"@type":"PropertyValueSpecification","valueRequired":true,"valueName":"search_term_string"}}],"inLanguage":"pt-BR"}]}},"_links":{"self":[{"href":"https:\/\/www.portinari-ba.com.br\/index.php?rest_route=\/wp\/v2\/pages\/671","targetHints":{"allow":["GET"]}}],"collection":[{"href":"https:\/\/www.portinari-ba.com.br\/index.php?rest_route=\/wp\/v2\/pages"}],"about":[{"href":"https:\/\/www.portinari-ba.com.br\/index.php?rest_route=\/wp\/v2\/types\/page"}],"author":[{"embeddable":true,"href":"https:\/\/www.portinari-ba.com.br\/index.php?rest_route=\/wp\/v2\/users\/1"}],"replies":[{"embeddable":true,"href":"https:\/\/www.portinari-ba.com.br\/index.php?rest_route=%2Fwp%2Fv2%2Fcomments&post=671"}],"version-history":[{"count":6,"href":"https:\/\/www.portinari-ba.com.br\/index.php?rest_route=\/wp\/v2\/pages\/671\/revisions"}],"predecessor-version":[{"id":958,"href":"https:\/\/www.portinari-ba.com.br\/index.php?rest_route=\/wp\/v2\/pages\/671\/revisions\/958"}],"wp:attachment":[{"href":"https:\/\/www.portinari-ba.com.br\/index.php?rest_route=%2Fwp%2Fv2%2Fmedia&parent=671"}],"curies":[{"name":"wp","href":"https:\/\/api.w.org\/{rel}","templated":true}]}}