{"id":760,"date":"2021-06-30T19:08:33","date_gmt":"2021-06-30T19:08:33","guid":{"rendered":"http:\/\/www.portinari-ba.com.br\/?page_id=760"},"modified":"2024-03-29T13:04:41","modified_gmt":"2024-03-29T13:04:41","slug":"trabalhe-conosco","status":"publish","type":"page","link":"https:\/\/www.portinari-ba.com.br\/?page_id=760","title":{"rendered":"TRABALHE CONOSCO"},"content":{"rendered":"<p>[vc_row][vc_column][vc_column_text]Ol\u00e1, tudo bem? O Col\u00e9gio C\u00e2ndido Portinari, associado \u00e0 Inspira Rede de Educadores, fica muito feliz com o seu contato e o seu interesse em entrar para o nosso time.<\/p>\n<p>Quer enviar seu curr\u00edculo? Mande um e-mail para <strong>trabalheconosco@portinari-ba.com.br<\/strong>.<\/p>\n<p>Boa sorte!<\/p>\n<p>&nbsp;<\/p>\n<p>&nbsp;<\/p>\n<p>&nbsp;<\/p>\n<p>&nbsp;<\/p>\n<p>&nbsp;<\/p>\n<p>Item relacionado: <a href=\"https:\/\/www.portinari-ba.com.br\/?page_id=1210\">Relat\u00f3rio de Igualdade Salarial<\/a>[\/vc_column_text][\/vc_column][\/vc_row]<\/p>\n","protected":false},"excerpt":{"rendered":"<p>[vc_row][vc_column][vc_column_text]Ol\u00e1, tudo bem? O Col\u00e9gio C\u00e2ndido Portinari, associado \u00e0 Inspira Rede de Educadores, fica muito feliz com o seu contato e o seu interesse em entrar para o nosso time. Quer enviar seu curr\u00edculo? Mande um e-mail para trabalheconosco@portinari-ba.com.br. Boa sorte! &nbsp; &nbsp; &nbsp; &nbsp; &nbsp; Item relacionado: Relat\u00f3rio de Igualdade Salarial[\/vc_column_text][\/vc_column][\/vc_row]<\/p>\n","protected":false},"author":1,"featured_media":0,"parent":0,"menu_order":0,"comment_status":"closed","ping_status":"closed","template":"","meta":{"footnotes":""},"class_list":["post-760","page","type-page","status-publish","hentry"],"yoast_head":"<!-- This site is optimized with the Yoast SEO plugin v25.6 - https:\/\/yoast.com\/wordpress\/plugins\/seo\/ -->\n<title>TRABALHE CONOSCO - Col\u00e9gio C\u00e2ndido Portinari<\/title>\n<meta name=\"robots\" content=\"index, follow, max-snippet:-1, max-image-preview:large, max-video-preview:-1\" \/>\n<link rel=\"canonical\" href=\"https:\/\/www.portinari-ba.com.br\/?page_id=760\" \/>\n<meta property=\"og:locale\" content=\"pt_BR\" \/>\n<meta property=\"og:type\" content=\"article\" \/>\n<meta property=\"og:title\" content=\"TRABALHE CONOSCO - Col\u00e9gio C\u00e2ndido Portinari\" \/>\n<meta property=\"og:description\" content=\"[vc_row][vc_column][vc_column_text]Ol\u00e1, tudo bem? O Col\u00e9gio C\u00e2ndido Portinari, associado \u00e0 Inspira Rede de Educadores, fica muito feliz com o seu contato e o seu interesse em entrar para o nosso time. Quer enviar seu curr\u00edculo? Mande um e-mail para trabalheconosco@portinari-ba.com.br. Boa sorte! &nbsp; &nbsp; &nbsp; &nbsp; &nbsp; Item relacionado: Relat\u00f3rio de Igualdade Salarial[\/vc_column_text][\/vc_column][\/vc_row]\" \/>\n<meta property=\"og:url\" content=\"https:\/\/www.portinari-ba.com.br\/?page_id=760\" \/>\n<meta property=\"og:site_name\" content=\"Col\u00e9gio C\u00e2ndido Portinari\" \/>\n<meta property=\"article:modified_time\" content=\"2024-03-29T13:04:41+00:00\" \/>\n<meta name=\"twitter:card\" content=\"summary_large_image\" \/>\n<meta name=\"twitter:label1\" content=\"Est. tempo de leitura\" \/>\n\t<meta name=\"twitter:data1\" content=\"1 minuto\" \/>\n<script type=\"application\/ld+json\" class=\"yoast-schema-graph\">{\"@context\":\"https:\/\/schema.org\",\"@graph\":[{\"@type\":\"WebPage\",\"@id\":\"https:\/\/www.portinari-ba.com.br\/?page_id=760\",\"url\":\"https:\/\/www.portinari-ba.com.br\/?page_id=760\",\"name\":\"TRABALHE CONOSCO - Col\u00e9gio C\u00e2ndido Portinari\",\"isPartOf\":{\"@id\":\"http:\/\/www.portinari-ba.com.br\/#website\"},\"datePublished\":\"2021-06-30T19:08:33+00:00\",\"dateModified\":\"2024-03-29T13:04:41+00:00\",\"breadcrumb\":{\"@id\":\"https:\/\/www.portinari-ba.com.br\/?page_id=760#breadcrumb\"},\"inLanguage\":\"pt-BR\",\"potentialAction\":[{\"@type\":\"ReadAction\",\"target\":[\"https:\/\/www.portinari-ba.com.br\/?page_id=760\"]}]},{\"@type\":\"BreadcrumbList\",\"@id\":\"https:\/\/www.portinari-ba.com.br\/?page_id=760#breadcrumb\",\"itemListElement\":[{\"@type\":\"ListItem\",\"position\":1,\"name\":\"In\u00edcio\",\"item\":\"http:\/\/www.portinari-ba.com.br\/\"},{\"@type\":\"ListItem\",\"position\":2,\"name\":\"TRABALHE CONOSCO\"}]},{\"@type\":\"WebSite\",\"@id\":\"http:\/\/www.portinari-ba.com.br\/#website\",\"url\":\"http:\/\/www.portinari-ba.com.br\/\",\"name\":\"Col\u00e9gio C\u00e2ndido Portinari\",\"description\":\"\",\"potentialAction\":[{\"@type\":\"SearchAction\",\"target\":{\"@type\":\"EntryPoint\",\"urlTemplate\":\"http:\/\/www.portinari-ba.com.br\/?s={search_term_string}\"},\"query-input\":{\"@type\":\"PropertyValueSpecification\",\"valueRequired\":true,\"valueName\":\"search_term_string\"}}],\"inLanguage\":\"pt-BR\"}]}<\/script>\n<!-- \/ Yoast SEO plugin. -->","yoast_head_json":{"title":"TRABALHE CONOSCO - Col\u00e9gio C\u00e2ndido Portinari","robots":{"index":"index","follow":"follow","max-snippet":"max-snippet:-1","max-image-preview":"max-image-preview:large","max-video-preview":"max-video-preview:-1"},"canonical":"https:\/\/www.portinari-ba.com.br\/?page_id=760","og_locale":"pt_BR","og_type":"article","og_title":"TRABALHE CONOSCO - Col\u00e9gio C\u00e2ndido Portinari","og_description":"[vc_row][vc_column][vc_column_text]Ol\u00e1, tudo bem? O Col\u00e9gio C\u00e2ndido Portinari, associado \u00e0 Inspira Rede de Educadores, fica muito feliz com o seu contato e o seu interesse em entrar para o nosso time. Quer enviar seu curr\u00edculo? Mande um e-mail para trabalheconosco@portinari-ba.com.br. Boa sorte! &nbsp; &nbsp; &nbsp; &nbsp; &nbsp; Item relacionado: Relat\u00f3rio de Igualdade Salarial[\/vc_column_text][\/vc_column][\/vc_row]","og_url":"https:\/\/www.portinari-ba.com.br\/?page_id=760","og_site_name":"Col\u00e9gio C\u00e2ndido Portinari","article_modified_time":"2024-03-29T13:04:41+00:00","twitter_card":"summary_large_image","twitter_misc":{"Est. tempo de leitura":"1 minuto"},"schema":{"@context":"https:\/\/schema.org","@graph":[{"@type":"WebPage","@id":"https:\/\/www.portinari-ba.com.br\/?page_id=760","url":"https:\/\/www.portinari-ba.com.br\/?page_id=760","name":"TRABALHE CONOSCO - Col\u00e9gio C\u00e2ndido Portinari","isPartOf":{"@id":"http:\/\/www.portinari-ba.com.br\/#website"},"datePublished":"2021-06-30T19:08:33+00:00","dateModified":"2024-03-29T13:04:41+00:00","breadcrumb":{"@id":"https:\/\/www.portinari-ba.com.br\/?page_id=760#breadcrumb"},"inLanguage":"pt-BR","potentialAction":[{"@type":"ReadAction","target":["https:\/\/www.portinari-ba.com.br\/?page_id=760"]}]},{"@type":"BreadcrumbList","@id":"https:\/\/www.portinari-ba.com.br\/?page_id=760#breadcrumb","itemListElement":[{"@type":"ListItem","position":1,"name":"In\u00edcio","item":"http:\/\/www.portinari-ba.com.br\/"},{"@type":"ListItem","position":2,"name":"TRABALHE CONOSCO"}]},{"@type":"WebSite","@id":"http:\/\/www.portinari-ba.com.br\/#website","url":"http:\/\/www.portinari-ba.com.br\/","name":"Col\u00e9gio C\u00e2ndido Portinari","description":"","potentialAction":[{"@type":"SearchAction","target":{"@type":"EntryPoint","urlTemplate":"http:\/\/www.portinari-ba.com.br\/?s={search_term_string}"},"query-input":{"@type":"PropertyValueSpecification","valueRequired":true,"valueName":"search_term_string"}}],"inLanguage":"pt-BR"}]}},"_links":{"self":[{"href":"https:\/\/www.portinari-ba.com.br\/index.php?rest_route=\/wp\/v2\/pages\/760","targetHints":{"allow":["GET"]}}],"collection":[{"href":"https:\/\/www.portinari-ba.com.br\/index.php?rest_route=\/wp\/v2\/pages"}],"about":[{"href":"https:\/\/www.portinari-ba.com.br\/index.php?rest_route=\/wp\/v2\/types\/page"}],"author":[{"embeddable":true,"href":"https:\/\/www.portinari-ba.com.br\/index.php?rest_route=\/wp\/v2\/users\/1"}],"replies":[{"embeddable":true,"href":"https:\/\/www.portinari-ba.com.br\/index.php?rest_route=%2Fwp%2Fv2%2Fcomments&post=760"}],"version-history":[{"count":6,"href":"https:\/\/www.portinari-ba.com.br\/index.php?rest_route=\/wp\/v2\/pages\/760\/revisions"}],"predecessor-version":[{"id":1213,"href":"https:\/\/www.portinari-ba.com.br\/index.php?rest_route=\/wp\/v2\/pages\/760\/revisions\/1213"}],"wp:attachment":[{"href":"https:\/\/www.portinari-ba.com.br\/index.php?rest_route=%2Fwp%2Fv2%2Fmedia&parent=760"}],"curies":[{"name":"wp","href":"https:\/\/api.w.org\/{rel}","templated":true}]}}