{"id":834,"date":"2021-06-30T23:51:19","date_gmt":"2021-06-30T23:51:19","guid":{"rendered":"http:\/\/www.portinari-ba.com.br\/?page_id=834"},"modified":"2023-12-05T12:54:31","modified_gmt":"2023-12-05T12:54:31","slug":"noticias-2","status":"publish","type":"page","link":"https:\/\/www.portinari-ba.com.br\/?page_id=834","title":{"rendered":"Not\u00edcias"},"content":{"rendered":"<p>[vc_row][vc_column]<!--START MASONRY--><div class=\"nd_options_section nd_options_masonry_content  \">\n\n\n\t    <div class=\" nd_options_width_33_percentage nd_options_float_left nd_options_padding_15 nd_options_box_sizing_border_box nd_options_masonry_item nd_options_width_100_percentage_responsive\">\n\t\t    <div class=\"nd_options_section nd_options_border_1_solid_grey nd_options_bg_white\">\n\n\t\t        <div class=\"nd_options_section nd_options_position_relative\">\n\t\t            \n\t\t            \n\n\n\t\t  \t<div class=\"nd_options_section nd_options_position_relative\">\n\n\t\t  \t\t<p class=\" nd_options_position_absolute nd_options_top_30 nd_options_left_30 nd_options_bg_white nd_options_line_height_14 nd_travel_padding_5_10 nd_options_padding_0 nd_options_second_font nd_options_text_transform_uppercase nd_options_font_size_12\">Uncategorized <\/p>\n\n\t\t        <a href=\"https:\/\/www.portinari-ba.com.br\/?p=1195\"><img decoding=\"async\" alt=\"\" class=\"nd_options_section\" src=\"https:\/\/www.portinari-ba.com.br\/wp-content\/uploads\/2023\/12\/WhatsApp-Image-2023-11-28-at-07.43.22.jpeg\"><\/a>\n\t\t    <\/div>\n\n\t\t  \t\n\n\t\t        <\/div>\n\n\t\t        <div class=\"nd_options_section nd_options_padding_30 nd_options_box_sizing_border_box\">\n\t\t            \n\t\t            <h2 class=\"nd_options_margin_0_important nd_options_padding_0 \">CEP 2023<\/h2>\n\t\t            <div class=\"nd_options_section nd_options_height_20\"><\/div>\n\t \t\t\t\t<div class=\"nd_options_section nd_options_line_height_0\"><span class=\"nd_options_display_inline_block nd_options_float_left nd_options_bg_grey_4 nd_options_width_40 nd_options_height_2\"><\/span><\/div>\n\t \t\t\t\t<div class=\"nd_options_section nd_options_height_20\"><\/div>\n\t\t            <p class=\"nd_options_margin_0_important nd_options_padding_0\">Celebrando um ano incr\u00edvel de talento, esfor\u00e7o e dedica\u00e7\u00e3o esportiva! \ud83c\udfc6\u2728 A Cerim\u00f4nia Esportiva Portinari foi um sucesso gra\u00e7as aos nossos incr\u00edveis atletas, treinadores e toda a comunidade que faz do esporte uma paix\u00e3o compartilhada. Parab\u00e9ns a todos que brilharam na\u00a0#CEP2023! \ud83c\udfc0\u26bd\ud83c\udfd0\ud83d\udc99<\/p>\n\t\t            <div class=\"nd_options_section nd_options_height_20\"><\/div>\n\t\t            <a style=\"background-color:#000\" class=\"nd_options_display_inline_block nd_options_line_height_11 nd_options_color_white nd_options_text_align_center nd_options_box_sizing_border_box nd_options_second_font nd_options_padding_15_30  \" href=\"https:\/\/www.portinari-ba.com.br\/?p=1195\">LEIA MAIS<\/a>\n\n\t\t        <\/div>\n\n\t\t    <\/div>\n\t\t<\/div>\n\n\n\t  \n\n\n\t    <div class=\" nd_options_width_33_percentage nd_options_float_left nd_options_padding_15 nd_options_box_sizing_border_box nd_options_masonry_item nd_options_width_100_percentage_responsive\">\n\t\t    <div class=\"nd_options_section nd_options_border_1_solid_grey nd_options_bg_white\">\n\n\t\t        <div class=\"nd_options_section nd_options_position_relative\">\n\t\t            \n\t\t            \n\n\t\t        <\/div>\n\n\t\t        <div class=\"nd_options_section nd_options_padding_30 nd_options_box_sizing_border_box\">\n\t\t            \n\t\t            <h2 class=\"nd_options_margin_0_important nd_options_padding_0 \">visita interativa ao Quilombo KAONGE<\/h2>\n\t\t            <div class=\"nd_options_section nd_options_height_20\"><\/div>\n\t \t\t\t\t<div class=\"nd_options_section nd_options_line_height_0\"><span class=\"nd_options_display_inline_block nd_options_float_left nd_options_bg_grey_4 nd_options_width_40 nd_options_height_2\"><\/span><\/div>\n\t \t\t\t\t<div class=\"nd_options_section nd_options_height_20\"><\/div>\n\t\t            <p class=\"nd_options_margin_0_important nd_options_padding_0\">Na quarta, 30.08, tivemos a visita interativa ao Quilombo KAONGE, no vale do Iguape, Rec\u00f4ncavo Baiano, com os estudantes do 7\u00ba ano. Este trabalho objetiva ampliar os conhecimentos te\u00f3ricos, aprendidos em sala de aula e o despertar das habilidades necess\u00e1rias para a condu\u00e7\u00e3o consciente, coletiva, ambiental e humana de novas atitudes dos nossos estudantes. Nosso [&hellip;]<\/p>\n\t\t            <div class=\"nd_options_section nd_options_height_20\"><\/div>\n\t\t            <a style=\"background-color:#000\" class=\"nd_options_display_inline_block nd_options_line_height_11 nd_options_color_white nd_options_text_align_center nd_options_box_sizing_border_box nd_options_second_font nd_options_padding_15_30  \" href=\"https:\/\/www.portinari-ba.com.br\/?p=1153\">LEIA MAIS<\/a>\n\n\t\t        <\/div>\n\n\t\t    <\/div>\n\t\t<\/div>\n\n\n\t  \n\n\n\t    <div class=\" nd_options_width_33_percentage nd_options_float_left nd_options_padding_15 nd_options_box_sizing_border_box nd_options_masonry_item nd_options_width_100_percentage_responsive\">\n\t\t    <div class=\"nd_options_section nd_options_border_1_solid_grey nd_options_bg_white\">\n\n\t\t        <div class=\"nd_options_section nd_options_position_relative\">\n\t\t            \n\t\t            \n\n\t\t        <\/div>\n\n\t\t        <div class=\"nd_options_section nd_options_padding_30 nd_options_box_sizing_border_box\">\n\t\t            \n\t\t            <h2 class=\"nd_options_margin_0_important nd_options_padding_0 \">Circuito Interno de Conhecimento<\/h2>\n\t\t            <div class=\"nd_options_section nd_options_height_20\"><\/div>\n\t \t\t\t\t<div class=\"nd_options_section nd_options_line_height_0\"><span class=\"nd_options_display_inline_block nd_options_float_left nd_options_bg_grey_4 nd_options_width_40 nd_options_height_2\"><\/span><\/div>\n\t \t\t\t\t<div class=\"nd_options_section nd_options_height_20\"><\/div>\n\t\t            <p class=\"nd_options_margin_0_important nd_options_padding_0\">Uma manh\u00e3 inesquec\u00edvel de celebra\u00e7\u00e3o no Circuito Interno de Conhecimento (CIC) com nossos brilhantes alunos do 7\u00ba ano no Projeto Interdisciplinar JORNAL! \ud83d\udcda\ud83d\uddde\ufe0f No audit\u00f3rio, tivemos belas apresenta\u00e7\u00f5es, mergulhamos em ideias fabulosas, aplaudimos os incr\u00edveis seres &#8216;humaninhos&#8217; que fazem parte dessa jornada e festejamos cada conquista e aprendizado.<\/p>\n\t\t            <div class=\"nd_options_section nd_options_height_20\"><\/div>\n\t\t            <a style=\"background-color:#000\" class=\"nd_options_display_inline_block nd_options_line_height_11 nd_options_color_white nd_options_text_align_center nd_options_box_sizing_border_box nd_options_second_font nd_options_padding_15_30  \" href=\"https:\/\/www.portinari-ba.com.br\/?p=1150\">LEIA MAIS<\/a>\n\n\t\t        <\/div>\n\n\t\t    <\/div>\n\t\t<\/div>\n\n\n\t  \n\n\n\t    <div class=\" nd_options_width_33_percentage nd_options_float_left nd_options_padding_15 nd_options_box_sizing_border_box nd_options_masonry_item nd_options_width_100_percentage_responsive\">\n\t\t    <div class=\"nd_options_section nd_options_border_1_solid_grey nd_options_bg_white\">\n\n\t\t        <div class=\"nd_options_section nd_options_position_relative\">\n\t\t            \n\t\t            \n\n\t\t        <\/div>\n\n\t\t        <div class=\"nd_options_section nd_options_padding_30 nd_options_box_sizing_border_box\">\n\t\t            \n\t\t            <h2 class=\"nd_options_margin_0_important nd_options_padding_0 \">Col\u00e9gio Portinari novamente no topo do PISA for Schools!<\/h2>\n\t\t            <div class=\"nd_options_section nd_options_height_20\"><\/div>\n\t \t\t\t\t<div class=\"nd_options_section nd_options_line_height_0\"><span class=\"nd_options_display_inline_block nd_options_float_left nd_options_bg_grey_4 nd_options_width_40 nd_options_height_2\"><\/span><\/div>\n\t \t\t\t\t<div class=\"nd_options_section nd_options_height_20\"><\/div>\n\t\t            <p class=\"nd_options_margin_0_important nd_options_padding_0\">Estamos orgulhosos em anunciar que o Col\u00e9gio Portinari obteve uma nota excepcional no PISA for Schools, programa de avalia\u00e7\u00e3o da OCDE, reafirmando a qualidade de ensino que oferecemos. Nossos alunos se destacaram e colocaram o col\u00e9gio acima da m\u00e9dia internacional! \ud83c\udf0d Essa conquista reflete o compromisso de nossa equipe pedag\u00f3gica e o empenho dos estudantes [&hellip;]<\/p>\n\t\t            <div class=\"nd_options_section nd_options_height_20\"><\/div>\n\t\t            <a style=\"background-color:#000\" class=\"nd_options_display_inline_block nd_options_line_height_11 nd_options_color_white nd_options_text_align_center nd_options_box_sizing_border_box nd_options_second_font nd_options_padding_15_30  \" href=\"https:\/\/www.portinari-ba.com.br\/?p=1148\">LEIA MAIS<\/a>\n\n\t\t        <\/div>\n\n\t\t    <\/div>\n\t\t<\/div>\n\n\n\t  \n\n\n\t    <div class=\" nd_options_width_33_percentage nd_options_float_left nd_options_padding_15 nd_options_box_sizing_border_box nd_options_masonry_item nd_options_width_100_percentage_responsive\">\n\t\t    <div class=\"nd_options_section nd_options_border_1_solid_grey nd_options_bg_white\">\n\n\t\t        <div class=\"nd_options_section nd_options_position_relative\">\n\t\t            \n\t\t            \n\n\n\t\t  \t<div class=\"nd_options_section nd_options_position_relative\">\n\n\t\t  \t\t<p class=\" nd_options_position_absolute nd_options_top_30 nd_options_left_30 nd_options_bg_white nd_options_line_height_14 nd_travel_padding_5_10 nd_options_padding_0 nd_options_second_font nd_options_text_transform_uppercase nd_options_font_size_12\">Not\u00edcias <\/p>\n\n\t\t        <a href=\"https:\/\/www.portinari-ba.com.br\/?p=604\"><img decoding=\"async\" alt=\"\" class=\"nd_options_section\" src=\"https:\/\/www.portinari-ba.com.br\/wp-content\/uploads\/2021\/04\/portinari-familia-01-1.jpg\"><\/a>\n\t\t    <\/div>\n\n\t\t  \t\n\n\t\t        <\/div>\n\n\t\t        <div class=\"nd_options_section nd_options_padding_30 nd_options_box_sizing_border_box\">\n\t\t            \n\t\t            <h2 class=\"nd_options_margin_0_important nd_options_padding_0 \">Portinari em Fam\u00edlia<\/h2>\n\t\t            <div class=\"nd_options_section nd_options_height_20\"><\/div>\n\t \t\t\t\t<div class=\"nd_options_section nd_options_line_height_0\"><span class=\"nd_options_display_inline_block nd_options_float_left nd_options_bg_grey_4 nd_options_width_40 nd_options_height_2\"><\/span><\/div>\n\t \t\t\t\t<div class=\"nd_options_section nd_options_height_20\"><\/div>\n\t\t            <p class=\"nd_options_margin_0_important nd_options_padding_0\">Ontem, no youtube do col\u00e9gio, aconteceu o evento \u201cPortinari em fam\u00edlia\u201d. Uma transmiss\u00e3o ao vivo, para fam\u00edlias de estudantes do col\u00e9gio e todos nossos colaboradores. Uma noite marcada por homenagens, agradecimentos e muita emo\u00e7\u00e3o. Todos os protocolos de seguran\u00e7a para essa transmiss\u00e3o foram cumpridos. Toda equipe dos bastidores est\u00e1 de parab\u00e9ns. A diretora Silvana Ara\u00fajo [&hellip;]<\/p>\n\t\t            <div class=\"nd_options_section nd_options_height_20\"><\/div>\n\t\t            <a style=\"background-color:#74cee4\" class=\"nd_options_display_inline_block nd_options_line_height_11 nd_options_color_white nd_options_text_align_center nd_options_box_sizing_border_box nd_options_second_font nd_options_padding_15_30  \" href=\"https:\/\/www.portinari-ba.com.br\/?p=604\">LEIA MAIS<\/a>\n\n\t\t        <\/div>\n\n\t\t    <\/div>\n\t\t<\/div>\n\n\n\t  <\/div><!--CLOSE MASONRY-->[\/vc_column][\/vc_row]<\/p>\n","protected":false},"excerpt":{"rendered":"<p>[vc_row][vc_column][\/vc_column][\/vc_row]<\/p>\n","protected":false},"author":1,"featured_media":0,"parent":0,"menu_order":0,"comment_status":"closed","ping_status":"closed","template":"","meta":{"footnotes":""},"class_list":["post-834","page","type-page","status-publish","hentry"],"yoast_head":"<!-- This site is optimized with the Yoast SEO plugin v25.6 - https:\/\/yoast.com\/wordpress\/plugins\/seo\/ -->\n<title>Not\u00edcias - Col\u00e9gio C\u00e2ndido Portinari<\/title>\n<meta name=\"robots\" content=\"index, follow, max-snippet:-1, max-image-preview:large, max-video-preview:-1\" \/>\n<link rel=\"canonical\" href=\"http:\/\/www.portinari-ba.com.br\/?page_id=834\" \/>\n<meta property=\"og:locale\" content=\"pt_BR\" \/>\n<meta property=\"og:type\" content=\"article\" \/>\n<meta property=\"og:title\" content=\"Not\u00edcias - Col\u00e9gio C\u00e2ndido Portinari\" \/>\n<meta property=\"og:description\" content=\"[vc_row][vc_column][\/vc_column][\/vc_row]\" \/>\n<meta property=\"og:url\" content=\"http:\/\/www.portinari-ba.com.br\/?page_id=834\" \/>\n<meta property=\"og:site_name\" content=\"Col\u00e9gio C\u00e2ndido Portinari\" \/>\n<meta property=\"article:modified_time\" content=\"2023-12-05T12:54:31+00:00\" \/>\n<meta name=\"twitter:card\" content=\"summary_large_image\" \/>\n<meta name=\"twitter:label1\" content=\"Est. tempo de leitura\" \/>\n\t<meta name=\"twitter:data1\" content=\"1 minuto\" \/>\n<script type=\"application\/ld+json\" class=\"yoast-schema-graph\">{\"@context\":\"https:\/\/schema.org\",\"@graph\":[{\"@type\":\"WebPage\",\"@id\":\"http:\/\/www.portinari-ba.com.br\/?page_id=834\",\"url\":\"http:\/\/www.portinari-ba.com.br\/?page_id=834\",\"name\":\"Not\u00edcias - Col\u00e9gio C\u00e2ndido Portinari\",\"isPartOf\":{\"@id\":\"https:\/\/www.portinari-ba.com.br\/#website\"},\"datePublished\":\"2021-06-30T23:51:19+00:00\",\"dateModified\":\"2023-12-05T12:54:31+00:00\",\"breadcrumb\":{\"@id\":\"http:\/\/www.portinari-ba.com.br\/?page_id=834#breadcrumb\"},\"inLanguage\":\"pt-BR\",\"potentialAction\":[{\"@type\":\"ReadAction\",\"target\":[\"http:\/\/www.portinari-ba.com.br\/?page_id=834\"]}]},{\"@type\":\"BreadcrumbList\",\"@id\":\"http:\/\/www.portinari-ba.com.br\/?page_id=834#breadcrumb\",\"itemListElement\":[{\"@type\":\"ListItem\",\"position\":1,\"name\":\"In\u00edcio\",\"item\":\"https:\/\/www.portinari-ba.com.br\/\"},{\"@type\":\"ListItem\",\"position\":2,\"name\":\"Not\u00edcias\"}]},{\"@type\":\"WebSite\",\"@id\":\"https:\/\/www.portinari-ba.com.br\/#website\",\"url\":\"https:\/\/www.portinari-ba.com.br\/\",\"name\":\"Col\u00e9gio C\u00e2ndido Portinari\",\"description\":\"\",\"potentialAction\":[{\"@type\":\"SearchAction\",\"target\":{\"@type\":\"EntryPoint\",\"urlTemplate\":\"https:\/\/www.portinari-ba.com.br\/?s={search_term_string}\"},\"query-input\":{\"@type\":\"PropertyValueSpecification\",\"valueRequired\":true,\"valueName\":\"search_term_string\"}}],\"inLanguage\":\"pt-BR\"}]}<\/script>\n<!-- \/ Yoast SEO plugin. -->","yoast_head_json":{"title":"Not\u00edcias - Col\u00e9gio C\u00e2ndido Portinari","robots":{"index":"index","follow":"follow","max-snippet":"max-snippet:-1","max-image-preview":"max-image-preview:large","max-video-preview":"max-video-preview:-1"},"canonical":"http:\/\/www.portinari-ba.com.br\/?page_id=834","og_locale":"pt_BR","og_type":"article","og_title":"Not\u00edcias - Col\u00e9gio C\u00e2ndido Portinari","og_description":"[vc_row][vc_column][\/vc_column][\/vc_row]","og_url":"http:\/\/www.portinari-ba.com.br\/?page_id=834","og_site_name":"Col\u00e9gio C\u00e2ndido Portinari","article_modified_time":"2023-12-05T12:54:31+00:00","twitter_card":"summary_large_image","twitter_misc":{"Est. tempo de leitura":"1 minuto"},"schema":{"@context":"https:\/\/schema.org","@graph":[{"@type":"WebPage","@id":"http:\/\/www.portinari-ba.com.br\/?page_id=834","url":"http:\/\/www.portinari-ba.com.br\/?page_id=834","name":"Not\u00edcias - Col\u00e9gio C\u00e2ndido Portinari","isPartOf":{"@id":"https:\/\/www.portinari-ba.com.br\/#website"},"datePublished":"2021-06-30T23:51:19+00:00","dateModified":"2023-12-05T12:54:31+00:00","breadcrumb":{"@id":"http:\/\/www.portinari-ba.com.br\/?page_id=834#breadcrumb"},"inLanguage":"pt-BR","potentialAction":[{"@type":"ReadAction","target":["http:\/\/www.portinari-ba.com.br\/?page_id=834"]}]},{"@type":"BreadcrumbList","@id":"http:\/\/www.portinari-ba.com.br\/?page_id=834#breadcrumb","itemListElement":[{"@type":"ListItem","position":1,"name":"In\u00edcio","item":"https:\/\/www.portinari-ba.com.br\/"},{"@type":"ListItem","position":2,"name":"Not\u00edcias"}]},{"@type":"WebSite","@id":"https:\/\/www.portinari-ba.com.br\/#website","url":"https:\/\/www.portinari-ba.com.br\/","name":"Col\u00e9gio C\u00e2ndido Portinari","description":"","potentialAction":[{"@type":"SearchAction","target":{"@type":"EntryPoint","urlTemplate":"https:\/\/www.portinari-ba.com.br\/?s={search_term_string}"},"query-input":{"@type":"PropertyValueSpecification","valueRequired":true,"valueName":"search_term_string"}}],"inLanguage":"pt-BR"}]}},"_links":{"self":[{"href":"https:\/\/www.portinari-ba.com.br\/index.php?rest_route=\/wp\/v2\/pages\/834","targetHints":{"allow":["GET"]}}],"collection":[{"href":"https:\/\/www.portinari-ba.com.br\/index.php?rest_route=\/wp\/v2\/pages"}],"about":[{"href":"https:\/\/www.portinari-ba.com.br\/index.php?rest_route=\/wp\/v2\/types\/page"}],"author":[{"embeddable":true,"href":"https:\/\/www.portinari-ba.com.br\/index.php?rest_route=\/wp\/v2\/users\/1"}],"replies":[{"embeddable":true,"href":"https:\/\/www.portinari-ba.com.br\/index.php?rest_route=%2Fwp%2Fv2%2Fcomments&post=834"}],"version-history":[{"count":4,"href":"https:\/\/www.portinari-ba.com.br\/index.php?rest_route=\/wp\/v2\/pages\/834\/revisions"}],"predecessor-version":[{"id":1202,"href":"https:\/\/www.portinari-ba.com.br\/index.php?rest_route=\/wp\/v2\/pages\/834\/revisions\/1202"}],"wp:attachment":[{"href":"https:\/\/www.portinari-ba.com.br\/index.php?rest_route=%2Fwp%2Fv2%2Fmedia&parent=834"}],"curies":[{"name":"wp","href":"https:\/\/api.w.org\/{rel}","templated":true}]}}