{"id":904,"date":"2021-07-14T22:47:28","date_gmt":"2021-07-14T22:47:28","guid":{"rendered":"http:\/\/www.portinari-ba.com.br\/?page_id=904"},"modified":"2023-09-12T18:20:43","modified_gmt":"2023-09-12T18:20:43","slug":"educacao-infantil","status":"publish","type":"page","link":"https:\/\/www.portinari-ba.com.br\/?page_id=904","title":{"rendered":"EDUCA\u00c7\u00c3O INFANTIL"},"content":{"rendered":"<p>[vc_row][vc_column][vc_column_text]A Educa\u00e7\u00e3o Infantil \u00e9 a primeira etapa da Educa\u00e7\u00e3o B\u00e1sica e, sendo assim, de extrema import\u00e2ncia na forma\u00e7\u00e3o da crian\u00e7a. Essa fase escolar tem por finalidade o desenvolvimento integral, visando a seus aspectos intelectuais, f\u00edsicos, sociais e emocionais.<\/p>\n<p>&nbsp;<\/p>\n<p>Nessa fase do desenvolvimento, a crian\u00e7a se comunica por meio de diferentes linguagens, imita, brinca, observa e imagina, construindo significados sobre si, sobre o outro e sobre o mundo que a cerca.<\/p>\n<p>&nbsp;<\/p>\n<p>O conhecimento precisa ser significativo, no qual a crian\u00e7a possa interagir com a sua aprendizagem de forma ampla, assim as atividades l\u00fadicas e concretas s\u00e3o o foco da nossa a\u00e7\u00e3o, com a finalidade de ampliar a variedade de descoberta, experi\u00eancias, conhecimentos e habilidades, solidificando novas aprendizagens e desenvolvendo os v\u00ednculos socioemocionais.[\/vc_column_text][vc_btn title=&#8221;Quero mais informa\u00e7\u00f5es!&#8221; style=&#8221;custom&#8221; custom_background=&#8221;#0098da&#8221; custom_text=&#8221;#ffffff&#8221; size=&#8221;lg&#8221; link=&#8221;url:http%3A%2F%2Fwww.portinari-ba.com.br%2F%3Fpage_id%3D841&#8243;][\/vc_column][\/vc_row]<\/p>\n","protected":false},"excerpt":{"rendered":"<p>[vc_row][vc_column][vc_column_text]A Educa\u00e7\u00e3o Infantil \u00e9 a primeira etapa da Educa\u00e7\u00e3o B\u00e1sica e, sendo assim, de extrema import\u00e2ncia na forma\u00e7\u00e3o da crian\u00e7a. Essa fase escolar tem por finalidade o desenvolvimento integral, visando a seus aspectos intelectuais, f\u00edsicos, sociais e emocionais. &nbsp; Nessa fase do desenvolvimento, a crian\u00e7a se comunica por meio de diferentes linguagens, imita, brinca, observa [&hellip;]<\/p>\n","protected":false},"author":1,"featured_media":0,"parent":0,"menu_order":0,"comment_status":"closed","ping_status":"closed","template":"","meta":{"footnotes":""},"class_list":["post-904","page","type-page","status-publish","hentry"],"yoast_head":"<!-- This site is optimized with the Yoast SEO plugin v25.6 - https:\/\/yoast.com\/wordpress\/plugins\/seo\/ -->\n<title>EDUCA\u00c7\u00c3O INFANTIL - Col\u00e9gio C\u00e2ndido Portinari<\/title>\n<meta name=\"robots\" content=\"index, follow, max-snippet:-1, max-image-preview:large, max-video-preview:-1\" \/>\n<link rel=\"canonical\" href=\"https:\/\/www.portinari-ba.com.br\/?page_id=904\" \/>\n<meta property=\"og:locale\" content=\"pt_BR\" \/>\n<meta property=\"og:type\" content=\"article\" \/>\n<meta property=\"og:title\" content=\"EDUCA\u00c7\u00c3O INFANTIL - Col\u00e9gio C\u00e2ndido Portinari\" \/>\n<meta property=\"og:description\" content=\"[vc_row][vc_column][vc_column_text]A Educa\u00e7\u00e3o Infantil \u00e9 a primeira etapa da Educa\u00e7\u00e3o B\u00e1sica e, sendo assim, de extrema import\u00e2ncia na forma\u00e7\u00e3o da crian\u00e7a. Essa fase escolar tem por finalidade o desenvolvimento integral, visando a seus aspectos intelectuais, f\u00edsicos, sociais e emocionais. &nbsp; Nessa fase do desenvolvimento, a crian\u00e7a se comunica por meio de diferentes linguagens, imita, brinca, observa [&hellip;]\" \/>\n<meta property=\"og:url\" content=\"https:\/\/www.portinari-ba.com.br\/?page_id=904\" \/>\n<meta property=\"og:site_name\" content=\"Col\u00e9gio C\u00e2ndido Portinari\" \/>\n<meta property=\"article:modified_time\" content=\"2023-09-12T18:20:43+00:00\" \/>\n<meta name=\"twitter:card\" content=\"summary_large_image\" \/>\n<meta name=\"twitter:label1\" content=\"Est. tempo de leitura\" \/>\n\t<meta name=\"twitter:data1\" content=\"1 minuto\" \/>\n<script type=\"application\/ld+json\" class=\"yoast-schema-graph\">{\"@context\":\"https:\/\/schema.org\",\"@graph\":[{\"@type\":\"WebPage\",\"@id\":\"https:\/\/www.portinari-ba.com.br\/?page_id=904\",\"url\":\"https:\/\/www.portinari-ba.com.br\/?page_id=904\",\"name\":\"EDUCA\u00c7\u00c3O INFANTIL - Col\u00e9gio C\u00e2ndido Portinari\",\"isPartOf\":{\"@id\":\"https:\/\/www.portinari-ba.com.br\/#website\"},\"datePublished\":\"2021-07-14T22:47:28+00:00\",\"dateModified\":\"2023-09-12T18:20:43+00:00\",\"breadcrumb\":{\"@id\":\"https:\/\/www.portinari-ba.com.br\/?page_id=904#breadcrumb\"},\"inLanguage\":\"pt-BR\",\"potentialAction\":[{\"@type\":\"ReadAction\",\"target\":[\"https:\/\/www.portinari-ba.com.br\/?page_id=904\"]}]},{\"@type\":\"BreadcrumbList\",\"@id\":\"https:\/\/www.portinari-ba.com.br\/?page_id=904#breadcrumb\",\"itemListElement\":[{\"@type\":\"ListItem\",\"position\":1,\"name\":\"In\u00edcio\",\"item\":\"https:\/\/www.portinari-ba.com.br\/\"},{\"@type\":\"ListItem\",\"position\":2,\"name\":\"EDUCA\u00c7\u00c3O INFANTIL\"}]},{\"@type\":\"WebSite\",\"@id\":\"https:\/\/www.portinari-ba.com.br\/#website\",\"url\":\"https:\/\/www.portinari-ba.com.br\/\",\"name\":\"Col\u00e9gio C\u00e2ndido Portinari\",\"description\":\"\",\"potentialAction\":[{\"@type\":\"SearchAction\",\"target\":{\"@type\":\"EntryPoint\",\"urlTemplate\":\"https:\/\/www.portinari-ba.com.br\/?s={search_term_string}\"},\"query-input\":{\"@type\":\"PropertyValueSpecification\",\"valueRequired\":true,\"valueName\":\"search_term_string\"}}],\"inLanguage\":\"pt-BR\"}]}<\/script>\n<!-- \/ Yoast SEO plugin. -->","yoast_head_json":{"title":"EDUCA\u00c7\u00c3O INFANTIL - Col\u00e9gio C\u00e2ndido Portinari","robots":{"index":"index","follow":"follow","max-snippet":"max-snippet:-1","max-image-preview":"max-image-preview:large","max-video-preview":"max-video-preview:-1"},"canonical":"https:\/\/www.portinari-ba.com.br\/?page_id=904","og_locale":"pt_BR","og_type":"article","og_title":"EDUCA\u00c7\u00c3O INFANTIL - Col\u00e9gio C\u00e2ndido Portinari","og_description":"[vc_row][vc_column][vc_column_text]A Educa\u00e7\u00e3o Infantil \u00e9 a primeira etapa da Educa\u00e7\u00e3o B\u00e1sica e, sendo assim, de extrema import\u00e2ncia na forma\u00e7\u00e3o da crian\u00e7a. Essa fase escolar tem por finalidade o desenvolvimento integral, visando a seus aspectos intelectuais, f\u00edsicos, sociais e emocionais. &nbsp; Nessa fase do desenvolvimento, a crian\u00e7a se comunica por meio de diferentes linguagens, imita, brinca, observa [&hellip;]","og_url":"https:\/\/www.portinari-ba.com.br\/?page_id=904","og_site_name":"Col\u00e9gio C\u00e2ndido Portinari","article_modified_time":"2023-09-12T18:20:43+00:00","twitter_card":"summary_large_image","twitter_misc":{"Est. tempo de leitura":"1 minuto"},"schema":{"@context":"https:\/\/schema.org","@graph":[{"@type":"WebPage","@id":"https:\/\/www.portinari-ba.com.br\/?page_id=904","url":"https:\/\/www.portinari-ba.com.br\/?page_id=904","name":"EDUCA\u00c7\u00c3O INFANTIL - Col\u00e9gio C\u00e2ndido Portinari","isPartOf":{"@id":"https:\/\/www.portinari-ba.com.br\/#website"},"datePublished":"2021-07-14T22:47:28+00:00","dateModified":"2023-09-12T18:20:43+00:00","breadcrumb":{"@id":"https:\/\/www.portinari-ba.com.br\/?page_id=904#breadcrumb"},"inLanguage":"pt-BR","potentialAction":[{"@type":"ReadAction","target":["https:\/\/www.portinari-ba.com.br\/?page_id=904"]}]},{"@type":"BreadcrumbList","@id":"https:\/\/www.portinari-ba.com.br\/?page_id=904#breadcrumb","itemListElement":[{"@type":"ListItem","position":1,"name":"In\u00edcio","item":"https:\/\/www.portinari-ba.com.br\/"},{"@type":"ListItem","position":2,"name":"EDUCA\u00c7\u00c3O INFANTIL"}]},{"@type":"WebSite","@id":"https:\/\/www.portinari-ba.com.br\/#website","url":"https:\/\/www.portinari-ba.com.br\/","name":"Col\u00e9gio C\u00e2ndido Portinari","description":"","potentialAction":[{"@type":"SearchAction","target":{"@type":"EntryPoint","urlTemplate":"https:\/\/www.portinari-ba.com.br\/?s={search_term_string}"},"query-input":{"@type":"PropertyValueSpecification","valueRequired":true,"valueName":"search_term_string"}}],"inLanguage":"pt-BR"}]}},"_links":{"self":[{"href":"https:\/\/www.portinari-ba.com.br\/index.php?rest_route=\/wp\/v2\/pages\/904","targetHints":{"allow":["GET"]}}],"collection":[{"href":"https:\/\/www.portinari-ba.com.br\/index.php?rest_route=\/wp\/v2\/pages"}],"about":[{"href":"https:\/\/www.portinari-ba.com.br\/index.php?rest_route=\/wp\/v2\/types\/page"}],"author":[{"embeddable":true,"href":"https:\/\/www.portinari-ba.com.br\/index.php?rest_route=\/wp\/v2\/users\/1"}],"replies":[{"embeddable":true,"href":"https:\/\/www.portinari-ba.com.br\/index.php?rest_route=%2Fwp%2Fv2%2Fcomments&post=904"}],"version-history":[{"count":4,"href":"https:\/\/www.portinari-ba.com.br\/index.php?rest_route=\/wp\/v2\/pages\/904\/revisions"}],"predecessor-version":[{"id":953,"href":"https:\/\/www.portinari-ba.com.br\/index.php?rest_route=\/wp\/v2\/pages\/904\/revisions\/953"}],"wp:attachment":[{"href":"https:\/\/www.portinari-ba.com.br\/index.php?rest_route=%2Fwp%2Fv2%2Fmedia&parent=904"}],"curies":[{"name":"wp","href":"https:\/\/api.w.org\/{rel}","templated":true}]}}